{"id":2094,"date":"2025-02-10T13:40:15","date_gmt":"2025-02-10T12:40:15","guid":{"rendered":"https:\/\/albertboada.com\/politica-de-cookies\/"},"modified":"2025-02-24T16:33:01","modified_gmt":"2025-02-24T15:33:01","slug":"politica-de-cookies","status":"publish","type":"page","link":"https:\/\/albertboada.com\/ca\/politica-de-cookies\/","title":{"rendered":"Pol\u00edtica de Cookies"},"content":{"rendered":"\t\t<div data-elementor-type=\"wp-page\" data-elementor-id=\"2094\" class=\"elementor elementor-2094 elementor-1139\" data-elementor-post-type=\"page\">\n\t\t\t\t<div class=\"elementor-element elementor-element-64898ee2 e-flex e-con-boxed e-con e-parent\" data-id=\"64898ee2\" data-element_type=\"container\" data-e-type=\"container\">\n\t\t\t\t\t<div class=\"e-con-inner\">\n\t\t\t\t<div class=\"elementor-element elementor-element-317560d9 elementor-widget elementor-widget-text-editor\" data-id=\"317560d9\" data-element_type=\"widget\" data-e-type=\"widget\" data-widget_type=\"text-editor.default\">\n\t\t\t\t\t\t\t\t\t<section class=\"elementor-section elementor-top-section elementor-element elementor-element-df68973 elementor-section-boxed elementor-section-height-default elementor-section-height-default\" data-id=\"df68973\" data-element_type=\"section\"><div class=\"elementor-container elementor-column-gap-default\"><div class=\"elementor-column elementor-col-100 elementor-top-column elementor-element elementor-element-07debae\" data-id=\"07debae\" data-element_type=\"column\"><div class=\"elementor-widget-wrap elementor-element-populated\"><div class=\"elementor-element elementor-element-946feb0 elementor-widget elementor-widget-heading\" data-id=\"946feb0\" data-element_type=\"widget\" data-widget_type=\"heading.default\"><div class=\"elementor-widget-container\"><h1 class=\"elementor-heading-title elementor-size-default\">Pol\u00edtica de cookies<\/h1><\/div><\/div><\/div><\/div><\/div><\/section><section class=\"elementor-section elementor-top-section elementor-element elementor-element-7b10d92 elementor-section-boxed elementor-section-height-default elementor-section-height-default\" data-id=\"7b10d92\" data-element_type=\"&quot;&lt;br\"><\/section><div class=\"elementor-container elementor-column-gap-default\"><div class=\"elementor-column elementor-col-100 elementor-top-column elementor-element elementor-element-1808798\" data-id=\"1808798\" data-element_type=\"column\"><div class=\"elementor-widget-wrap elementor-element-populated\"><div class=\"elementor-element elementor-element-df31108 elementor-widget elementor-widget-text-editor\" data-id=\"df31108\" data-element_type=\"widget\" data-widget_type=\"text-editor.default\"><div class=\"elementor-widget-container\"><p>Aix\u00ed mateix, albertboada.com informa a l&#8217;usuari que t\u00e9 la possibilitat de configurar el seu navegador de manera que se li informi de la recepci\u00f3 de cookies, podent, si aix\u00ed ho desitja, impedir que siguin instal\u00b7lades al disc dur.<\/p><\/div><\/div><div class=\"elementor-element elementor-element-7955598 elementor-widget elementor-widget-text-editor\" data-id=\"7955598\" data-element_type=\"widget\" data-widget_type=\"text-editor.default\"><div class=\"elementor-widget-container\"><p>A continuaci\u00f3 us proporcionem els enlla\u00e7os de diversos navegadors, a trav\u00e9s dels quals podreu realitzar aquesta configuraci\u00f3:<\/p><\/div><\/div><div class=\"elementor-element elementor-element-999c82d elementor-widget elementor-widget-text-editor\" data-id=\"999c82d\" data-element_type=\"widget\" data-widget_type=\"text-editor.default\"><div class=\"elementor-widget-container\"><ul><li>Firefox des d&#8217;aqu\u00ed: http:\/\/support.mozilla.org\/ca\/kb\/habilitar-y-deshabilitar-cookies-que-los-sitios-we<\/li><li>Chrome des d&#8217;aqu\u00ed: http:\/\/support.google.com\/chrome\/bin\/answer.py?hl=ca&amp;answer=95647<\/li><li>Explorer des d&#8217;aqu\u00ed: http:\/\/windows.microsoft.com\/es-es\/internet-explorer\/delete-manage-cookies#ie=ie-10<\/li><li>Safari des d&#8217;aqu\u00ed: https:\/\/support.apple.com\/kb\/ph17191?locale=ca_ES<\/li><li>Opera des d&#8217;aqu\u00ed: https:\/\/help.opera.com\/en\/latest\/web-preferences\/#cookies<\/li><\/ul><\/div><\/div><div class=\"elementor-element elementor-element-2d0e75d elementor-widget elementor-widget-text-editor\" data-id=\"2d0e75d\" data-element_type=\"widget\" data-widget_type=\"text-editor.default\"><div class=\"elementor-widget-container\"><p>Una Cookie \u00e9s un fitxer que es descarrega al vostre ordinador en accedir a determinades p\u00e0gines web. Les galetes permeten a una p\u00e0gina web, entre altres coses, emmagatzemar i recuperar informaci\u00f3 sobre els h\u00e0bits de navegaci\u00f3 d&#8217;un usuari o del seu equip i, depenent de la informaci\u00f3 que contingui i de la manera com utilitzi el seu equip, es poden utilitzar per recon\u00e8ixer l&#8217;usuari.<\/p><\/div><\/div><div class=\"elementor-element elementor-element-9ade843 elementor-widget elementor-widget-text-editor\" data-id=\"9ade843\" data-element_type=\"widget\" data-widget_type=\"text-editor.default\"><div class=\"elementor-widget-container\"><p>Les galetes s\u00f3n essencials per al funcionament d&#8217;internet, aportant innombrables avantatges en la prestaci\u00f3 de serveis interactius, facilitant-li la navegaci\u00f3 i usabilitat de la nostra web.<\/p><\/div><\/div><div class=\"elementor-element elementor-element-48eb1a5 elementor-widget elementor-widget-text-editor\" data-id=\"48eb1a5\" data-element_type=\"widget\" data-widget_type=\"text-editor.default\"><div class=\"elementor-widget-container\"><p>La informaci\u00f3 que us proporcionem a continuaci\u00f3, us ajudar\u00e0 a comprendre els diferents tipus de cookies:<\/p><\/div><\/div><div class=\"elementor-element elementor-element-760b7dd elementor-widget elementor-widget-text-editor\" data-id=\"760b7dd\" data-element_type=\"widget\" data-widget_type=\"text-editor.default\"><div class=\"elementor-widget-container\"><ul><li><strong>SEGUN L&#8217;ENTITAT QUE LES GESTIONE<\/strong><\/li><\/ul><\/div><\/div><div class=\"elementor-element elementor-element-e3f8388 elementor-widget elementor-widget-text-editor\" data-id=\"e3f8388\" data-element_type=\"widget\" data-widget_type=\"text-editor.default\"><div class=\"elementor-widget-container\"><ol><li style=\"list-style-type: none;\"><ol><li>Cookies pr\u00f2pies: S\u00f3n aquelles que es demanaven pel mateix editor per prestar el servei sol\u00b7licitat per l&#8217;usuari.<\/li><li>Cookies de tercer: S\u00f3n aquelles que s\u00f3n recollides i gestionades per un tercer, aquestes no es poden considerar pr\u00f2pies.<\/li><\/ol><\/li><\/ol><\/div><\/div><div class=\"elementor-element elementor-element-56accaf elementor-widget elementor-widget-text-editor\" data-id=\"56accaf\" data-element_type=\"widget\" data-widget_type=\"text-editor.default\"><div class=\"elementor-widget-container\"><ul><li><strong>SEGUN EL TERMINI DE TEMPS QUE ROMANDEN ACTIVADES<\/strong><\/li><\/ul><\/div><\/div><div class=\"elementor-element elementor-element-140b32a elementor-widget elementor-widget-text-editor\" data-id=\"140b32a\" data-element_type=\"widget\" data-widget_type=\"text-editor.default\"><div class=\"elementor-widget-container\"><ol><li style=\"list-style-type: none;\"><ol><li>Cookies de sessi\u00f3: Recaven dades mentre l&#8217;usuari navega per la xarxa amb la finalitat de prestar el servei sol\u00b7licitat.<\/li><li>Cookies persistents:\u00a0S&#8217;emmagatzemen al terminal i la informaci\u00f3 obtinguda, ser\u00e0 utilitzada pel responsable de la galeta amb la finalitat de prestar el servei sol\u00b7licitat.<\/li><\/ol><\/li><\/ol><\/div><\/div><div class=\"elementor-element elementor-element-109cdbe elementor-widget elementor-widget-text-editor\" data-id=\"109cdbe\" data-element_type=\"widget\" data-widget_type=\"text-editor.default\"><div class=\"elementor-widget-container\"><ul><li><strong>SEGUN LA SEVA FINALITAT<\/strong><\/li><\/ul><\/div><\/div><div class=\"elementor-element elementor-element-088f6af elementor-widget elementor-widget-text-editor\" data-id=\"088f6af\" data-element_type=\"widget\" data-widget_type=\"text-editor.default\"><div class=\"elementor-widget-container\"><ol><li style=\"list-style-type: none;\"><ol><li>Cookies t\u00e8cniques: S\u00f3n les necess\u00e0ries per a la correcta navegaci\u00f3 per la web.<\/li><li>Cookies de personalitzaci\u00f3: Permeten a l&#8217;usuari les caracter\u00edstiques (idioma) per a la navegaci\u00f3 per la web.<\/li><li>Cookies d&#8217;an\u00e0lisi: Permeten al prestador l&#8217;an\u00e0lisi vinculada a la navegaci\u00f3 realitzada per l&#8217;usuari, amb la finalitat de fer un seguiment d&#8217;\u00fas de la p\u00e0gina web, aix\u00ed com realitzar estad\u00edstiques dels continguts m\u00e9s visitats, nombre de visitants, etc.<\/li><li>Cookies publicit\u00e0ries:\u00a0Permeten a l&#8217;editor incloure a la web, espais publicitaris, segons el contingut de la pr\u00f2pia web.<\/li><li>Cookies de publicitat comportamental: Permeten a l&#8217;editor incloure a la p\u00e0gina web espais publicitaris segons la informaci\u00f3 obtinguda a trav\u00e9s dels h\u00e0bits de navegaci\u00f3 de l&#8217;usuari.<\/li><\/ol><\/li><\/ol><\/div><\/div><div class=\"elementor-element elementor-element-7265246 elementor-widget elementor-widget-text-editor\" data-id=\"7265246\" data-element_type=\"widget\" data-widget_type=\"text-editor.default\"><div class=\"elementor-widget-container\"><p>Segons el que disposa l&#8217;article 22.2 de la Llei 34\/2002, d&#8217;11 de juliol, de Serveis de la Societat de la Informaci\u00f3 i de Comer\u00e7 Electr\u00f2nic (LSSI-CE), albertboada.com informa de les cookies utilitzades al nostre website:<\/p><\/div><\/div><div class=\"elementor-element elementor-element-69b9e5d elementor-widget elementor-widget-text-editor\" data-id=\"69b9e5d\" data-element_type=\"widget\" data-widget_type=\"text-editor.default\"><div class=\"elementor-widget-container\">\u00a0<\/div><\/div><div class=\"elementor-element elementor-element-772ca60 elementor-widget elementor-widget-text-editor\" data-id=\"772ca60\" data-element_type=\"widget\" data-widget_type=\"text-editor.default\"><div class=\"elementor-widget-container\"><p>A albertboada.com s&#8217;utilitzen cookies t\u00e8cniques i de personalitzaci\u00f3, en sessi\u00f3 i persistent.\u00a0<\/p><\/div><\/div><\/div><\/div><\/div>\t\t\t\t\t\t\t\t<\/div>\n\t\t\t\t\t<\/div>\n\t\t\t\t<\/div>\n\t\t\t\t<\/div>\n\t\t","protected":false},"excerpt":{"rendered":"<p>Pol\u00edtica de cookies Aix\u00ed mateix, albertboada.com informa a l&#8217;usuari que t\u00e9 la possibilitat de configurar el seu navegador de manera que se li informi de la recepci\u00f3 de cookies, podent, si aix\u00ed ho desitja, impedir que siguin instal\u00b7lades al disc dur. A continuaci\u00f3 us proporcionem els enlla\u00e7os de diversos navegadors, a trav\u00e9s dels quals podreu [&hellip;]<\/p>\n","protected":false},"author":2,"featured_media":0,"parent":0,"menu_order":0,"comment_status":"closed","ping_status":"closed","template":"elementor_header_footer","meta":{"_acf_changed":false,"_joinchat":[],"footnotes":""},"class_list":["post-2094","page","type-page","status-publish","hentry"],"acf":[],"yoast_head":"<!-- This site is optimized with the Yoast SEO plugin v27.5 - https:\/\/yoast.com\/product\/yoast-seo-wordpress\/ -->\n<title>Pol\u00edtica de Cookies - Albert Boada<\/title>\n<meta name=\"robots\" content=\"index, follow, max-snippet:-1, max-image-preview:large, max-video-preview:-1\" \/>\n<link rel=\"canonical\" href=\"https:\/\/albertboada.com\/ca\/politica-de-cookies\/\" \/>\n<meta property=\"og:locale\" content=\"ca_ES\" \/>\n<meta property=\"og:type\" content=\"article\" \/>\n<meta property=\"og:title\" content=\"Pol\u00edtica de Cookies - Albert Boada\" \/>\n<meta property=\"og:description\" content=\"Pol\u00edtica de cookies Aix\u00ed mateix, albertboada.com informa a l&#8217;usuari que t\u00e9 la possibilitat de configurar el seu navegador de manera que se li informi de la recepci\u00f3 de cookies, podent, si aix\u00ed ho desitja, impedir que siguin instal\u00b7lades al disc dur. A continuaci\u00f3 us proporcionem els enlla\u00e7os de diversos navegadors, a trav\u00e9s dels quals podreu [&hellip;]\" \/>\n<meta property=\"og:url\" content=\"https:\/\/albertboada.com\/ca\/politica-de-cookies\/\" \/>\n<meta property=\"og:site_name\" content=\"Albert Boada\" \/>\n<meta property=\"article:modified_time\" content=\"2025-02-24T15:33:01+00:00\" \/>\n<meta name=\"twitter:card\" content=\"summary_large_image\" \/>\n<meta name=\"twitter:label1\" content=\"Temps estimat de lectura\" \/>\n\t<meta name=\"twitter:data1\" content=\"3 minuts\" \/>\n<script type=\"application\/ld+json\" class=\"yoast-schema-graph\">{\"@context\":\"https:\\\/\\\/schema.org\",\"@graph\":[{\"@type\":\"WebPage\",\"@id\":\"https:\\\/\\\/albertboada.com\\\/ca\\\/politica-de-cookies\\\/\",\"url\":\"https:\\\/\\\/albertboada.com\\\/ca\\\/politica-de-cookies\\\/\",\"name\":\"Pol\u00edtica de Cookies - Albert Boada\",\"isPartOf\":{\"@id\":\"https:\\\/\\\/albertboada.com\\\/ca\\\/#website\"},\"datePublished\":\"2025-02-10T12:40:15+00:00\",\"dateModified\":\"2025-02-24T15:33:01+00:00\",\"breadcrumb\":{\"@id\":\"https:\\\/\\\/albertboada.com\\\/ca\\\/politica-de-cookies\\\/#breadcrumb\"},\"inLanguage\":\"ca\",\"potentialAction\":[{\"@type\":\"ReadAction\",\"target\":[\"https:\\\/\\\/albertboada.com\\\/ca\\\/politica-de-cookies\\\/\"]}]},{\"@type\":\"BreadcrumbList\",\"@id\":\"https:\\\/\\\/albertboada.com\\\/ca\\\/politica-de-cookies\\\/#breadcrumb\",\"itemListElement\":[{\"@type\":\"ListItem\",\"position\":1,\"name\":\"Portada\",\"item\":\"https:\\\/\\\/albertboada.com\\\/ca\\\/\"},{\"@type\":\"ListItem\",\"position\":2,\"name\":\"Pol\u00edtica de Cookies\"}]},{\"@type\":\"WebSite\",\"@id\":\"https:\\\/\\\/albertboada.com\\\/ca\\\/#website\",\"url\":\"https:\\\/\\\/albertboada.com\\\/ca\\\/\",\"name\":\"Albert Boada\",\"description\":\"\",\"publisher\":{\"@id\":\"https:\\\/\\\/albertboada.com\\\/ca\\\/#organization\"},\"potentialAction\":[{\"@type\":\"SearchAction\",\"target\":{\"@type\":\"EntryPoint\",\"urlTemplate\":\"https:\\\/\\\/albertboada.com\\\/ca\\\/?s={search_term_string}\"},\"query-input\":{\"@type\":\"PropertyValueSpecification\",\"valueRequired\":true,\"valueName\":\"search_term_string\"}}],\"inLanguage\":\"ca\"},{\"@type\":\"Organization\",\"@id\":\"https:\\\/\\\/albertboada.com\\\/ca\\\/#organization\",\"name\":\"Albert Boada\",\"url\":\"https:\\\/\\\/albertboada.com\\\/ca\\\/\",\"logo\":{\"@type\":\"ImageObject\",\"inLanguage\":\"ca\",\"@id\":\"https:\\\/\\\/albertboada.com\\\/ca\\\/#\\\/schema\\\/logo\\\/image\\\/\",\"url\":\"https:\\\/\\\/albertboada.com\\\/wp-content\\\/uploads\\\/cropped-cropped-Logo_Albert_Pla_Boada.png\",\"contentUrl\":\"https:\\\/\\\/albertboada.com\\\/wp-content\\\/uploads\\\/cropped-cropped-Logo_Albert_Pla_Boada.png\",\"width\":512,\"height\":473,\"caption\":\"Albert Boada\"},\"image\":{\"@id\":\"https:\\\/\\\/albertboada.com\\\/ca\\\/#\\\/schema\\\/logo\\\/image\\\/\"}}]}<\/script>\n<!-- \/ Yoast SEO plugin. -->","yoast_head_json":{"title":"Pol\u00edtica de Cookies - Albert Boada","robots":{"index":"index","follow":"follow","max-snippet":"max-snippet:-1","max-image-preview":"max-image-preview:large","max-video-preview":"max-video-preview:-1"},"canonical":"https:\/\/albertboada.com\/ca\/politica-de-cookies\/","og_locale":"ca_ES","og_type":"article","og_title":"Pol\u00edtica de Cookies - Albert Boada","og_description":"Pol\u00edtica de cookies Aix\u00ed mateix, albertboada.com informa a l&#8217;usuari que t\u00e9 la possibilitat de configurar el seu navegador de manera que se li informi de la recepci\u00f3 de cookies, podent, si aix\u00ed ho desitja, impedir que siguin instal\u00b7lades al disc dur. A continuaci\u00f3 us proporcionem els enlla\u00e7os de diversos navegadors, a trav\u00e9s dels quals podreu [&hellip;]","og_url":"https:\/\/albertboada.com\/ca\/politica-de-cookies\/","og_site_name":"Albert Boada","article_modified_time":"2025-02-24T15:33:01+00:00","twitter_card":"summary_large_image","twitter_misc":{"Temps estimat de lectura":"3 minuts"},"schema":{"@context":"https:\/\/schema.org","@graph":[{"@type":"WebPage","@id":"https:\/\/albertboada.com\/ca\/politica-de-cookies\/","url":"https:\/\/albertboada.com\/ca\/politica-de-cookies\/","name":"Pol\u00edtica de Cookies - Albert Boada","isPartOf":{"@id":"https:\/\/albertboada.com\/ca\/#website"},"datePublished":"2025-02-10T12:40:15+00:00","dateModified":"2025-02-24T15:33:01+00:00","breadcrumb":{"@id":"https:\/\/albertboada.com\/ca\/politica-de-cookies\/#breadcrumb"},"inLanguage":"ca","potentialAction":[{"@type":"ReadAction","target":["https:\/\/albertboada.com\/ca\/politica-de-cookies\/"]}]},{"@type":"BreadcrumbList","@id":"https:\/\/albertboada.com\/ca\/politica-de-cookies\/#breadcrumb","itemListElement":[{"@type":"ListItem","position":1,"name":"Portada","item":"https:\/\/albertboada.com\/ca\/"},{"@type":"ListItem","position":2,"name":"Pol\u00edtica de Cookies"}]},{"@type":"WebSite","@id":"https:\/\/albertboada.com\/ca\/#website","url":"https:\/\/albertboada.com\/ca\/","name":"Albert Boada","description":"","publisher":{"@id":"https:\/\/albertboada.com\/ca\/#organization"},"potentialAction":[{"@type":"SearchAction","target":{"@type":"EntryPoint","urlTemplate":"https:\/\/albertboada.com\/ca\/?s={search_term_string}"},"query-input":{"@type":"PropertyValueSpecification","valueRequired":true,"valueName":"search_term_string"}}],"inLanguage":"ca"},{"@type":"Organization","@id":"https:\/\/albertboada.com\/ca\/#organization","name":"Albert Boada","url":"https:\/\/albertboada.com\/ca\/","logo":{"@type":"ImageObject","inLanguage":"ca","@id":"https:\/\/albertboada.com\/ca\/#\/schema\/logo\/image\/","url":"https:\/\/albertboada.com\/wp-content\/uploads\/cropped-cropped-Logo_Albert_Pla_Boada.png","contentUrl":"https:\/\/albertboada.com\/wp-content\/uploads\/cropped-cropped-Logo_Albert_Pla_Boada.png","width":512,"height":473,"caption":"Albert Boada"},"image":{"@id":"https:\/\/albertboada.com\/ca\/#\/schema\/logo\/image\/"}}]}},"_links":{"self":[{"href":"https:\/\/albertboada.com\/ca\/wp-json\/wp\/v2\/pages\/2094","targetHints":{"allow":["GET"]}}],"collection":[{"href":"https:\/\/albertboada.com\/ca\/wp-json\/wp\/v2\/pages"}],"about":[{"href":"https:\/\/albertboada.com\/ca\/wp-json\/wp\/v2\/types\/page"}],"author":[{"embeddable":true,"href":"https:\/\/albertboada.com\/ca\/wp-json\/wp\/v2\/users\/2"}],"replies":[{"embeddable":true,"href":"https:\/\/albertboada.com\/ca\/wp-json\/wp\/v2\/comments?post=2094"}],"version-history":[{"count":0,"href":"https:\/\/albertboada.com\/ca\/wp-json\/wp\/v2\/pages\/2094\/revisions"}],"wp:attachment":[{"href":"https:\/\/albertboada.com\/ca\/wp-json\/wp\/v2\/media?parent=2094"}],"curies":[{"name":"wp","href":"https:\/\/api.w.org\/{rel}","templated":true}]}}