{"id":2095,"date":"2024-11-22T12:39:08","date_gmt":"2024-11-22T11:39:08","guid":{"rendered":"https:\/\/albertboada.com\/politica-privacidad\/"},"modified":"2025-02-24T16:22:55","modified_gmt":"2025-02-24T15:22:55","slug":"politica-de-privadesa","status":"publish","type":"page","link":"https:\/\/albertboada.com\/ca\/politica-de-privadesa\/","title":{"rendered":"Pol\u00edtica de privadesa"},"content":{"rendered":"\t\t<div data-elementor-type=\"wp-page\" data-elementor-id=\"2095\" class=\"elementor elementor-2095 elementor-3\" data-elementor-post-type=\"page\">\n\t\t\t\t<div class=\"elementor-element elementor-element-68c94c67 e-flex e-con-boxed e-con e-parent\" data-id=\"68c94c67\" data-element_type=\"container\" data-e-type=\"container\">\n\t\t\t\t\t<div class=\"e-con-inner\">\n\t\t\t\t<div class=\"elementor-element elementor-element-7de24891 elementor-widget elementor-widget-text-editor\" data-id=\"7de24891\" data-element_type=\"widget\" data-e-type=\"widget\" data-widget_type=\"text-editor.default\">\n\t\t\t\t\t\t\t\t\t<div data-id=\"bde5419\" data-element_type=\"widget\" data-widget_type=\"heading.default\">\n<section class=\"elementor-section elementor-top-section elementor-element elementor-element-df68973 elementor-section-boxed elementor-section-height-default elementor-section-height-default\" data-id=\"df68973\" data-element_type=\"section\">\n<div class=\"elementor-container elementor-column-gap-default\">\n<div class=\"elementor-column elementor-col-100 elementor-top-column elementor-element elementor-element-07debae\" data-id=\"07debae\" data-element_type=\"column\">\n<div class=\"elementor-widget-wrap elementor-element-populated\">\n<div class=\"elementor-element elementor-element-946feb0 elementor-widget elementor-widget-heading\" data-id=\"946feb0\" data-element_type=\"widget\" data-widget_type=\"heading.default\">\n<div class=\"elementor-widget-container\">\n<section class=\"elementor-section elementor-top-section elementor-element elementor-element-beabc38 elementor-section-boxed elementor-section-height-default elementor-section-height-default\" data-id=\"beabc38\" data-element_type=\"section\">\n<div class=\"elementor-container elementor-column-gap-default\">\n<div class=\"elementor-column elementor-col-100 elementor-top-column elementor-element elementor-element-457e3ed\" data-id=\"457e3ed\" data-element_type=\"column\">\n<div class=\"elementor-widget-wrap elementor-element-populated\">\n<div class=\"elementor-element elementor-element-a48e47e elementor-widget elementor-widget-heading\" data-id=\"a48e47e\" data-element_type=\"widget\" data-widget_type=\"heading.default\">\n<div class=\"elementor-widget-container\">\n<h1 class=\"elementor-heading-title elementor-size-default\">Pol\u00edtica de privadesa<\/h1>\n<\/div>\n<\/div>\n<\/div>\n<\/div>\n<\/div>\n<\/section>\n<section class=\"elementor-section elementor-top-section elementor-element elementor-element-745fad9 elementor-section-boxed elementor-section-height-default elementor-section-height-default\" data-id=\"745fad9\" data-element_type=\"section\">\n<div class=\"elementor-container elementor-column-gap-default\">\n<div class=\"elementor-column elementor-col-100 elementor-top-column elementor-element elementor-element-41a83ea\" data-id=\"41a83ea\" data-element_type=\"column\">\n<div class=\"elementor-widget-wrap elementor-element-populated\">\n<div class=\"elementor-element elementor-element-b167646 elementor-widget elementor-widget-text-editor\" data-id=\"b167646\" data-element_type=\"widget\" data-widget_type=\"text-editor.default\">\n<div class=\"elementor-widget-container\">\n<p>En compliment del que estableix la Llei Org\u00e0nica 15\/1999, de 13 de desembre, de protecci\u00f3 de dades de car\u00e0cter personal i del Reglament Europeu UE 2016\/679 us informem del seg\u00fcent:<\/p>\n<\/div>\n<\/div>\n<div class=\"elementor-element elementor-element-0de379a elementor-widget elementor-widget-heading\" data-id=\"0de379a\" data-element_type=\"widget\" data-widget_type=\"heading.default\">\n<div class=\"elementor-widget-container\">\n<h2 class=\"elementor-heading-title elementor-size-medium\"><strong>Identitat i dades de contacte del responsable del tractament<\/strong><\/h2>\n<\/div>\n<\/div>\n<div class=\"elementor-element elementor-element-a35a215 elementor-widget elementor-widget-text-editor\" data-id=\"a35a215\" data-element_type=\"widget\" data-widget_type=\"text-editor.default\">\n<div class=\"elementor-widget-container\">\n<p>Comuniquem que les dades que ens faciliti quedaran incorporades i seran tractades als fitxers titularitat d&#8217;Albert Pla Boada amb DNI 36978208G , degudament inscrites al Registre General de Protecci\u00f3 de Dades, per tal de poder prestar els nostres serveis, aix\u00ed com per mantenir-lo informat sobre q\u00fcestions relatives a l&#8217;activitat de l&#8217;empresa i els seus serveis.<\/p>\n<\/div>\n<\/div>\n<div class=\"elementor-element elementor-element-5338378 elementor-widget elementor-widget-heading\" data-id=\"5338378\" data-element_type=\"widget\" data-widget_type=\"heading.default\">\n<div class=\"elementor-widget-container\">\n<h2 class=\"elementor-heading-title elementor-size-medium\"><strong>Modalitat de recollida i tractament de les dades<\/strong><\/h2>\n<\/div>\n<\/div>\n<div class=\"elementor-element elementor-element-8423906 elementor-widget elementor-widget-text-editor\" data-id=\"8423906\" data-element_type=\"widget\" data-widget_type=\"text-editor.default\">\n<div class=\"elementor-widget-container\">\n<p>Les dades es recullen directament de l&#8217;interessat, de forma presencial o mitjan\u00e7ant el formulari de la nostra web corporativa, facilitant-hi tota la informaci\u00f3 necess\u00e0ria que preveu la llei. El tractament es realitza mitjan\u00e7ant instruments automatitzats en compliment de la normativa i de conformitat amb els principis de correcci\u00f3, licitud, transpar\u00e8ncia i tutela de confidencialitat i drets. El nostre sistema inform\u00e0tic est\u00e0 estructurat de manera que es pugui prevenir la p\u00e8rdua de dades, usos il\u00b7l\u00edcits o no correctes i accessos no autoritzats, complint les normes de seguretat exigibles.<\/p>\n<\/div>\n<\/div>\n<div class=\"elementor-element elementor-element-69fe445 elementor-widget elementor-widget-heading\" data-id=\"69fe445\" data-element_type=\"widget\" data-widget_type=\"heading.default\">\n<div class=\"elementor-widget-container\">\n<h2 class=\"elementor-heading-title elementor-size-medium\"><strong>Base jur\u00eddica &#8211; Finalitat del tractament<\/strong><\/h2>\n<\/div>\n<\/div>\n<div class=\"elementor-element elementor-element-3517d21 elementor-widget elementor-widget-text-editor\" data-id=\"3517d21\" data-element_type=\"widget\" data-widget_type=\"text-editor.default\">\n<div class=\"elementor-widget-container\">\n<p>Les dades comunicades seran \u00fanicament les estrictament indispensables per a l&#8217;execuci\u00f3 de la prestaci\u00f3 sol\u00b7licitada: pressupostos, factures, informes, \u2026 La comunicaci\u00f3 d&#8217;aquestes dades \u00e9s obligat\u00f2ria per poder donar execuci\u00f3 als serveis que se li han ofert i una possible denegaci\u00f3 de la comunicaci\u00f3 per part seva comportar\u00e0 per a aquesta empresa la impossibilitat de complir amb les prestacions acordades.<\/p>\n<\/div>\n<\/div>\n<div class=\"elementor-element elementor-element-8a91058 elementor-widget elementor-widget-heading\" data-id=\"8a91058\" data-element_type=\"widget\" data-widget_type=\"heading.default\">\n<div class=\"elementor-widget-container\">\n<h2 class=\"elementor-heading-title elementor-size-medium\"><strong>Destinataris als quals es poden comunicar les vostres dades<\/strong><\/h2>\n<\/div>\n<\/div>\n<div class=\"elementor-element elementor-element-7281144 elementor-widget elementor-widget-text-editor\" data-id=\"7281144\" data-element_type=\"widget\" data-widget_type=\"text-editor.default\">\n<div class=\"elementor-widget-container\">\n<p>Les vostres dades no es comunicaran a tercers, excepte quan sigui necessari i indispensable (o, en tot cas, funcional) per al desenvolupament dels serveis que ens ha demanat o hi hagi una obligaci\u00f3 legal. Es faran altres possibles comunicacions a altres subjectes (autoritzats, nomenats i instru\u00efts espec\u00edficament pel Responsable). Les vostres dades no es difondran a tercers sense que heu prestat pr\u00e8viament i expressament el vostre consentiment i no seran objecte de transmissi\u00f3, sota cap concepte, a tercers pa\u00efsos fora de la UE.<\/p>\n<\/div>\n<\/div>\n<div class=\"elementor-element elementor-element-276f313 elementor-widget elementor-widget-heading\" data-id=\"276f313\" data-element_type=\"widget\" data-widget_type=\"heading.default\">\n<div class=\"elementor-widget-container\">\n<h2 class=\"elementor-heading-title elementor-size-medium\"><strong>Duraci\u00f3 de la conservaci\u00f3 de les dades de car\u00e0cter personal<\/strong><\/h2>\n<\/div>\n<\/div>\n<div class=\"elementor-element elementor-element-4af78ae elementor-widget elementor-widget-text-editor\" data-id=\"4af78ae\" data-element_type=\"widget\" data-widget_type=\"text-editor.default\">\n<div class=\"elementor-widget-container\">\n<p>Les vostres dades de car\u00e0cter personal es conservaran durant el temps considerat \u00fatil per a l&#8217;execuci\u00f3 de la prestaci\u00f3 sol\u00b7licitada o per a la gesti\u00f3 d&#8217;activitats administratives posteriors. ens comprometem a tractar de manera confidencial les dades de car\u00e0cter personal facilitades i tornar-les a l&#8217;interessat o destruir una vegada finalitzada la relaci\u00f3 contractual.<\/p>\n<\/div>\n<\/div>\n<div class=\"elementor-element elementor-element-58bb2d1 elementor-widget elementor-widget-heading\" data-id=\"58bb2d1\" data-element_type=\"widget\" data-widget_type=\"heading.default\">\n<div class=\"elementor-widget-container\">\n<h2 class=\"elementor-heading-title elementor-size-medium\"><strong>Drets de l&#8217;interessat i revocaci\u00f3 del consentiment prestat<\/strong><\/h2>\n<\/div>\n<\/div>\n<div class=\"elementor-element elementor-element-bb0d996 elementor-widget elementor-widget-text-editor\" data-id=\"bb0d996\" data-element_type=\"widget\" data-widget_type=\"text-editor.default\">\n<div class=\"elementor-widget-container\">\n<p>Vost\u00e8 t\u00e9 dret a sol\u00b7licitar al titular, en qualsevol moment, l&#8217;acc\u00e9s a les vostres dades, aix\u00ed com la rectificaci\u00f3, la cancel\u00b7laci\u00f3 o la portabilitat d&#8217;aquestes. Aix\u00ed mateix, t\u00e9 dret a sol\u00b7licitar la limitaci\u00f3 del tractament o oposar-s&#8217;hi. A m\u00e9s, podr\u00e0 revocar en qualsevol moment els consentiments prestats a trav\u00e9s de la present nota informativa, dirigint la seva sol\u00b7licitud a astrologos.00@gmail.com, aportant acreditaci\u00f3 de la seva identitat. En cas que considereu que les vostres dades hagin estat tractades de manera il\u00b7leg\u00edtima, teniu dret a dirigir-vos a l&#8217;Autoritat de Control per presentar una reclamaci\u00f3.<\/p>\n<\/div>\n<\/div>\n<div class=\"elementor-element elementor-element-a59a993 elementor-widget elementor-widget-heading\" data-id=\"a59a993\" data-element_type=\"widget\" data-widget_type=\"heading.default\">\n<div class=\"elementor-widget-container\">\n<h2 class=\"elementor-heading-title elementor-size-medium\"><strong>Processos de decisi\u00f3 automatitzats. i Consentiment expr\u00e9s<\/strong><\/h2>\n<\/div>\n<\/div>\n<div class=\"elementor-element elementor-element-b876008 elementor-widget elementor-widget-text-editor\" data-id=\"b876008\" data-element_type=\"widget\" data-widget_type=\"text-editor.default\">\n<div class=\"elementor-widget-container\">\n<p>El titular no utilitza, de cap manera, processos de decisi\u00f3 automatitzatsconcernents a les vostres dades de car\u00e0cter personal. Amb l&#8217;enviament de les vostres dades de car\u00e0cter personal a trav\u00e9s del nostre formulari a la web, en doneu fe de l&#8217;exactitud i actualitzaci\u00f3, que ha estat informat de manera comprensible, precisa i inequ\u00edvoca de l&#8217;\u00fas i el tractament que s&#8217;aplicaran a les vostres dades, dels drets que us assisteixen i que d\u00f3na el vostre consentiment expr\u00e9s perqu\u00e8 les puguem utilitzar \u00fanica i exclusivament per a la finalitat.<\/p>\n<\/div>\n<\/div>\n<\/div>\n<\/div>\n<\/div>\n<\/section>\n<\/div>\n<\/div>\n<\/div>\n<\/div>\n<\/div>\n<\/section>\n<\/div>\t\t\t\t\t\t\t\t<\/div>\n\t\t\t\t\t<\/div>\n\t\t\t\t<\/div>\n\t\t\t\t<\/div>\n\t\t","protected":false},"excerpt":{"rendered":"<p>Pol\u00edtica de privadesa En compliment del que estableix la Llei Org\u00e0nica 15\/1999, de 13 de desembre, de protecci\u00f3 de dades de car\u00e0cter personal i del Reglament Europeu UE 2016\/679 us informem del seg\u00fcent: Identitat i dades de contacte del responsable del tractament Comuniquem que les dades que ens faciliti quedaran incorporades i seran tractades als [&hellip;]<\/p>\n","protected":false},"author":2,"featured_media":0,"parent":0,"menu_order":0,"comment_status":"closed","ping_status":"open","template":"elementor_header_footer","meta":{"_acf_changed":false,"_joinchat":[],"footnotes":""},"class_list":["post-2095","page","type-page","status-publish","hentry"],"acf":[],"yoast_head":"<!-- This site is optimized with the Yoast SEO plugin v27.5 - https:\/\/yoast.com\/product\/yoast-seo-wordpress\/ -->\n<title>Pol\u00edtica de privadesa - Albert Boada<\/title>\n<meta name=\"robots\" content=\"index, follow, max-snippet:-1, max-image-preview:large, max-video-preview:-1\" \/>\n<link rel=\"canonical\" href=\"https:\/\/albertboada.com\/ca\/politica-de-privadesa\/\" \/>\n<meta property=\"og:locale\" content=\"ca_ES\" \/>\n<meta property=\"og:type\" content=\"article\" \/>\n<meta property=\"og:title\" content=\"Pol\u00edtica de privadesa - Albert Boada\" \/>\n<meta property=\"og:description\" content=\"Pol\u00edtica de privadesa En compliment del que estableix la Llei Org\u00e0nica 15\/1999, de 13 de desembre, de protecci\u00f3 de dades de car\u00e0cter personal i del Reglament Europeu UE 2016\/679 us informem del seg\u00fcent: Identitat i dades de contacte del responsable del tractament Comuniquem que les dades que ens faciliti quedaran incorporades i seran tractades als [&hellip;]\" \/>\n<meta property=\"og:url\" content=\"https:\/\/albertboada.com\/ca\/politica-de-privadesa\/\" \/>\n<meta property=\"og:site_name\" content=\"Albert Boada\" \/>\n<meta property=\"article:modified_time\" content=\"2025-02-24T15:22:55+00:00\" \/>\n<meta name=\"twitter:card\" content=\"summary_large_image\" \/>\n<meta name=\"twitter:label1\" content=\"Temps estimat de lectura\" \/>\n\t<meta name=\"twitter:data1\" content=\"7 minuts\" \/>\n<script type=\"application\/ld+json\" class=\"yoast-schema-graph\">{\"@context\":\"https:\\\/\\\/schema.org\",\"@graph\":[{\"@type\":\"WebPage\",\"@id\":\"https:\\\/\\\/albertboada.com\\\/ca\\\/politica-de-privadesa\\\/\",\"url\":\"https:\\\/\\\/albertboada.com\\\/ca\\\/politica-de-privadesa\\\/\",\"name\":\"Pol\u00edtica de privadesa - Albert Boada\",\"isPartOf\":{\"@id\":\"https:\\\/\\\/albertboada.com\\\/ca\\\/#website\"},\"datePublished\":\"2024-11-22T11:39:08+00:00\",\"dateModified\":\"2025-02-24T15:22:55+00:00\",\"breadcrumb\":{\"@id\":\"https:\\\/\\\/albertboada.com\\\/ca\\\/politica-de-privadesa\\\/#breadcrumb\"},\"inLanguage\":\"ca\",\"potentialAction\":[{\"@type\":\"ReadAction\",\"target\":[\"https:\\\/\\\/albertboada.com\\\/ca\\\/politica-de-privadesa\\\/\"]}]},{\"@type\":\"BreadcrumbList\",\"@id\":\"https:\\\/\\\/albertboada.com\\\/ca\\\/politica-de-privadesa\\\/#breadcrumb\",\"itemListElement\":[{\"@type\":\"ListItem\",\"position\":1,\"name\":\"Portada\",\"item\":\"https:\\\/\\\/albertboada.com\\\/ca\\\/\"},{\"@type\":\"ListItem\",\"position\":2,\"name\":\"Pol\u00edtica de privadesa\"}]},{\"@type\":\"WebSite\",\"@id\":\"https:\\\/\\\/albertboada.com\\\/ca\\\/#website\",\"url\":\"https:\\\/\\\/albertboada.com\\\/ca\\\/\",\"name\":\"Albert Boada\",\"description\":\"\",\"publisher\":{\"@id\":\"https:\\\/\\\/albertboada.com\\\/ca\\\/#organization\"},\"potentialAction\":[{\"@type\":\"SearchAction\",\"target\":{\"@type\":\"EntryPoint\",\"urlTemplate\":\"https:\\\/\\\/albertboada.com\\\/ca\\\/?s={search_term_string}\"},\"query-input\":{\"@type\":\"PropertyValueSpecification\",\"valueRequired\":true,\"valueName\":\"search_term_string\"}}],\"inLanguage\":\"ca\"},{\"@type\":\"Organization\",\"@id\":\"https:\\\/\\\/albertboada.com\\\/ca\\\/#organization\",\"name\":\"Albert Boada\",\"url\":\"https:\\\/\\\/albertboada.com\\\/ca\\\/\",\"logo\":{\"@type\":\"ImageObject\",\"inLanguage\":\"ca\",\"@id\":\"https:\\\/\\\/albertboada.com\\\/ca\\\/#\\\/schema\\\/logo\\\/image\\\/\",\"url\":\"https:\\\/\\\/albertboada.com\\\/wp-content\\\/uploads\\\/cropped-cropped-Logo_Albert_Pla_Boada.png\",\"contentUrl\":\"https:\\\/\\\/albertboada.com\\\/wp-content\\\/uploads\\\/cropped-cropped-Logo_Albert_Pla_Boada.png\",\"width\":512,\"height\":473,\"caption\":\"Albert Boada\"},\"image\":{\"@id\":\"https:\\\/\\\/albertboada.com\\\/ca\\\/#\\\/schema\\\/logo\\\/image\\\/\"}}]}<\/script>\n<!-- \/ Yoast SEO plugin. -->","yoast_head_json":{"title":"Pol\u00edtica de privadesa - Albert Boada","robots":{"index":"index","follow":"follow","max-snippet":"max-snippet:-1","max-image-preview":"max-image-preview:large","max-video-preview":"max-video-preview:-1"},"canonical":"https:\/\/albertboada.com\/ca\/politica-de-privadesa\/","og_locale":"ca_ES","og_type":"article","og_title":"Pol\u00edtica de privadesa - Albert Boada","og_description":"Pol\u00edtica de privadesa En compliment del que estableix la Llei Org\u00e0nica 15\/1999, de 13 de desembre, de protecci\u00f3 de dades de car\u00e0cter personal i del Reglament Europeu UE 2016\/679 us informem del seg\u00fcent: Identitat i dades de contacte del responsable del tractament Comuniquem que les dades que ens faciliti quedaran incorporades i seran tractades als [&hellip;]","og_url":"https:\/\/albertboada.com\/ca\/politica-de-privadesa\/","og_site_name":"Albert Boada","article_modified_time":"2025-02-24T15:22:55+00:00","twitter_card":"summary_large_image","twitter_misc":{"Temps estimat de lectura":"7 minuts"},"schema":{"@context":"https:\/\/schema.org","@graph":[{"@type":"WebPage","@id":"https:\/\/albertboada.com\/ca\/politica-de-privadesa\/","url":"https:\/\/albertboada.com\/ca\/politica-de-privadesa\/","name":"Pol\u00edtica de privadesa - Albert Boada","isPartOf":{"@id":"https:\/\/albertboada.com\/ca\/#website"},"datePublished":"2024-11-22T11:39:08+00:00","dateModified":"2025-02-24T15:22:55+00:00","breadcrumb":{"@id":"https:\/\/albertboada.com\/ca\/politica-de-privadesa\/#breadcrumb"},"inLanguage":"ca","potentialAction":[{"@type":"ReadAction","target":["https:\/\/albertboada.com\/ca\/politica-de-privadesa\/"]}]},{"@type":"BreadcrumbList","@id":"https:\/\/albertboada.com\/ca\/politica-de-privadesa\/#breadcrumb","itemListElement":[{"@type":"ListItem","position":1,"name":"Portada","item":"https:\/\/albertboada.com\/ca\/"},{"@type":"ListItem","position":2,"name":"Pol\u00edtica de privadesa"}]},{"@type":"WebSite","@id":"https:\/\/albertboada.com\/ca\/#website","url":"https:\/\/albertboada.com\/ca\/","name":"Albert Boada","description":"","publisher":{"@id":"https:\/\/albertboada.com\/ca\/#organization"},"potentialAction":[{"@type":"SearchAction","target":{"@type":"EntryPoint","urlTemplate":"https:\/\/albertboada.com\/ca\/?s={search_term_string}"},"query-input":{"@type":"PropertyValueSpecification","valueRequired":true,"valueName":"search_term_string"}}],"inLanguage":"ca"},{"@type":"Organization","@id":"https:\/\/albertboada.com\/ca\/#organization","name":"Albert Boada","url":"https:\/\/albertboada.com\/ca\/","logo":{"@type":"ImageObject","inLanguage":"ca","@id":"https:\/\/albertboada.com\/ca\/#\/schema\/logo\/image\/","url":"https:\/\/albertboada.com\/wp-content\/uploads\/cropped-cropped-Logo_Albert_Pla_Boada.png","contentUrl":"https:\/\/albertboada.com\/wp-content\/uploads\/cropped-cropped-Logo_Albert_Pla_Boada.png","width":512,"height":473,"caption":"Albert Boada"},"image":{"@id":"https:\/\/albertboada.com\/ca\/#\/schema\/logo\/image\/"}}]}},"_links":{"self":[{"href":"https:\/\/albertboada.com\/ca\/wp-json\/wp\/v2\/pages\/2095","targetHints":{"allow":["GET"]}}],"collection":[{"href":"https:\/\/albertboada.com\/ca\/wp-json\/wp\/v2\/pages"}],"about":[{"href":"https:\/\/albertboada.com\/ca\/wp-json\/wp\/v2\/types\/page"}],"author":[{"embeddable":true,"href":"https:\/\/albertboada.com\/ca\/wp-json\/wp\/v2\/users\/2"}],"replies":[{"embeddable":true,"href":"https:\/\/albertboada.com\/ca\/wp-json\/wp\/v2\/comments?post=2095"}],"version-history":[{"count":0,"href":"https:\/\/albertboada.com\/ca\/wp-json\/wp\/v2\/pages\/2095\/revisions"}],"wp:attachment":[{"href":"https:\/\/albertboada.com\/ca\/wp-json\/wp\/v2\/media?parent=2095"}],"curies":[{"name":"wp","href":"https:\/\/api.w.org\/{rel}","templated":true}]}}