{"id":1948,"date":"2025-02-20T23:48:44","date_gmt":"2025-02-20T22:48:44","guid":{"rendered":"https:\/\/albertboada.com\/?post_type=product&#038;p=1948"},"modified":"2026-04-10T21:07:21","modified_gmt":"2026-04-10T19:07:21","slug":"frank-sin-cobertura","status":"publish","type":"product","link":"https:\/\/albertboada.com\/ca\/obras\/amici-nobis\/frank-sin-cobertura\/","title":{"rendered":"Frank sin cobertura (Adquirido)"},"content":{"rendered":"","protected":false},"excerpt":{"rendered":"<div class=\"xt0psk2\">\n<h6 class=\"_ap3a _aaco _aacu _aacx _aad7 _aade\" dir=\"auto\">Frank y sus amigos fueron de excursi\u00f3n, con la mala suerte de que Frank se despist\u00f3 y no supo encontrar el autocar que les devolver\u00eda al hotel, donde le esperaba un ba\u00f1o relajante.<\/h6>\n<h6>Pero en estos lares desprovistos del yugo humano, la tecnolog\u00eda es como es y el desorientado Frank se qued\u00f3 sin cobertura en medio de la naturaleza. Buscando un cerro que le diera alguna l\u00ednea, se encontr\u00f3 de cara con el avestruz. \u00bfD\u00f3nde vas?, le dijo. Estoy buscando cobertura, pues me he perdido y no me funciona el Google Maps. \u00bfPero te has dado cuenta de que soy un avestruz que habla? A lo que Frank respondi\u00f3: No me incordies, por favor, que ahora tengo un problema muy serio que resolver.<\/h6>\n<h6>\u00bfEstupidez o inconsciencia?<\/h6>\n<\/div>\n<div class=\"x9f619 xjbqb8w x78zum5 x168nmei x13lgxp2 x5pf9jr xo71vjh x1xmf6yo x12nagc x1n2onr6 x1plvlek xryxfnj x1c4vz4f x2lah0s xdt5ytf xqjyukv x1qjc9v5 x1oa3qoh x1nhvcw1\"><\/div>\n","protected":false},"featured_media":1944,"comment_status":"closed","ping_status":"closed","template":"","meta":{"_acf_changed":false,"_joinchat":[]},"autores":[56],"product_brand":[],"product_cat":[32],"product_tag":[],"class_list":{"0":"post-1948","1":"product","2":"type-product","3":"status-publish","4":"has-post-thumbnail","6":"autores-albert-boada","7":"product_cat-amici-nobis","9":"first","10":"instock","11":"taxable","12":"shipping-taxable","13":"purchasable","14":"product-type-simple"},"acf":[],"yoast_head":"<!-- This site is optimized with the Yoast SEO plugin v27.5 - https:\/\/yoast.com\/product\/yoast-seo-wordpress\/ -->\n<title>Frank sin cobertura (Adquirido) - Albert Boada<\/title>\n<meta name=\"robots\" content=\"index, follow, max-snippet:-1, max-image-preview:large, max-video-preview:-1\" \/>\n<link rel=\"canonical\" href=\"https:\/\/albertboada.com\/ca\/obras\/amici-nobis\/frank-sin-cobertura\/\" \/>\n<meta property=\"og:locale\" content=\"ca_ES\" \/>\n<meta property=\"og:type\" content=\"article\" \/>\n<meta property=\"og:title\" content=\"Frank sin cobertura (Adquirido) - Albert Boada\" \/>\n<meta property=\"og:description\" content=\"Frank y sus amigos fueron de excursi\u00f3n, con la mala suerte de que Frank se despist\u00f3 y no supo encontrar el autocar que les devolver\u00eda al hotel, donde le esperaba un ba\u00f1o relajante. Pero en estos lares desprovistos del yugo humano, la tecnolog\u00eda es como es y el desorientado Frank se qued\u00f3 sin cobertura en medio de la naturaleza. Buscando un cerro que le diera alguna l\u00ednea, se encontr\u00f3 de cara con el avestruz. \u00bfD\u00f3nde vas?, le dijo. Estoy buscando cobertura, pues me he perdido y no me funciona el Google Maps. \u00bfPero te has dado cuenta de que soy un avestruz que habla? A lo que Frank respondi\u00f3: No me incordies, por favor, que ahora tengo un problema muy serio que resolver. \u00bfEstupidez o inconsciencia?\" \/>\n<meta property=\"og:url\" content=\"https:\/\/albertboada.com\/ca\/obras\/amici-nobis\/frank-sin-cobertura\/\" \/>\n<meta property=\"og:site_name\" content=\"Albert Boada\" \/>\n<meta property=\"article:modified_time\" content=\"2026-04-10T19:07:21+00:00\" \/>\n<meta property=\"og:image\" content=\"https:\/\/albertboada.com\/wp-content\/uploads\/FRANK_SIN_COBERTURA.jpg\" \/>\n\t<meta property=\"og:image:width\" content=\"2000\" \/>\n\t<meta property=\"og:image:height\" content=\"2000\" \/>\n\t<meta property=\"og:image:type\" content=\"image\/jpeg\" \/>\n<meta name=\"twitter:card\" content=\"summary_large_image\" \/>\n<meta name=\"twitter:label1\" content=\"Temps estimat de lectura\" \/>\n\t<meta name=\"twitter:data1\" content=\"1 minut\" \/>\n<script type=\"application\/ld+json\" class=\"yoast-schema-graph\">{\"@context\":\"https:\\\/\\\/schema.org\",\"@graph\":[{\"@type\":\"WebPage\",\"@id\":\"https:\\\/\\\/albertboada.com\\\/ca\\\/obras\\\/amici-nobis\\\/frank-sin-cobertura\\\/\",\"url\":\"https:\\\/\\\/albertboada.com\\\/ca\\\/obras\\\/amici-nobis\\\/frank-sin-cobertura\\\/\",\"name\":\"Frank sin cobertura (Adquirido) - Albert Boada\",\"isPartOf\":{\"@id\":\"https:\\\/\\\/albertboada.com\\\/ca\\\/#website\"},\"primaryImageOfPage\":{\"@id\":\"https:\\\/\\\/albertboada.com\\\/ca\\\/obras\\\/amici-nobis\\\/frank-sin-cobertura\\\/#primaryimage\"},\"image\":{\"@id\":\"https:\\\/\\\/albertboada.com\\\/ca\\\/obras\\\/amici-nobis\\\/frank-sin-cobertura\\\/#primaryimage\"},\"thumbnailUrl\":\"https:\\\/\\\/albertboada.com\\\/wp-content\\\/uploads\\\/FRANK_SIN_COBERTURA.jpg\",\"datePublished\":\"2025-02-20T22:48:44+00:00\",\"dateModified\":\"2026-04-10T19:07:21+00:00\",\"breadcrumb\":{\"@id\":\"https:\\\/\\\/albertboada.com\\\/ca\\\/obras\\\/amici-nobis\\\/frank-sin-cobertura\\\/#breadcrumb\"},\"inLanguage\":\"ca\",\"potentialAction\":[{\"@type\":\"ReadAction\",\"target\":[\"https:\\\/\\\/albertboada.com\\\/ca\\\/obras\\\/amici-nobis\\\/frank-sin-cobertura\\\/\"]}]},{\"@type\":\"ImageObject\",\"inLanguage\":\"ca\",\"@id\":\"https:\\\/\\\/albertboada.com\\\/ca\\\/obras\\\/amici-nobis\\\/frank-sin-cobertura\\\/#primaryimage\",\"url\":\"https:\\\/\\\/albertboada.com\\\/wp-content\\\/uploads\\\/FRANK_SIN_COBERTURA.jpg\",\"contentUrl\":\"https:\\\/\\\/albertboada.com\\\/wp-content\\\/uploads\\\/FRANK_SIN_COBERTURA.jpg\",\"width\":2000,\"height\":2000},{\"@type\":\"BreadcrumbList\",\"@id\":\"https:\\\/\\\/albertboada.com\\\/ca\\\/obras\\\/amici-nobis\\\/frank-sin-cobertura\\\/#breadcrumb\",\"itemListElement\":[{\"@type\":\"ListItem\",\"position\":1,\"name\":\"Portada\",\"item\":\"https:\\\/\\\/albertboada.com\\\/ca\\\/\"},{\"@type\":\"ListItem\",\"position\":2,\"name\":\"Obres\",\"item\":\"https:\\\/\\\/albertboada.com\\\/ca\\\/obres\\\/\"},{\"@type\":\"ListItem\",\"position\":3,\"name\":\"Frank sin cobertura (Adquirido)\"}]},{\"@type\":\"WebSite\",\"@id\":\"https:\\\/\\\/albertboada.com\\\/ca\\\/#website\",\"url\":\"https:\\\/\\\/albertboada.com\\\/ca\\\/\",\"name\":\"Albert Boada\",\"description\":\"\",\"publisher\":{\"@id\":\"https:\\\/\\\/albertboada.com\\\/ca\\\/#organization\"},\"potentialAction\":[{\"@type\":\"SearchAction\",\"target\":{\"@type\":\"EntryPoint\",\"urlTemplate\":\"https:\\\/\\\/albertboada.com\\\/ca\\\/?s={search_term_string}\"},\"query-input\":{\"@type\":\"PropertyValueSpecification\",\"valueRequired\":true,\"valueName\":\"search_term_string\"}}],\"inLanguage\":\"ca\"},{\"@type\":\"Organization\",\"@id\":\"https:\\\/\\\/albertboada.com\\\/ca\\\/#organization\",\"name\":\"Albert Boada\",\"url\":\"https:\\\/\\\/albertboada.com\\\/ca\\\/\",\"logo\":{\"@type\":\"ImageObject\",\"inLanguage\":\"ca\",\"@id\":\"https:\\\/\\\/albertboada.com\\\/ca\\\/#\\\/schema\\\/logo\\\/image\\\/\",\"url\":\"https:\\\/\\\/albertboada.com\\\/wp-content\\\/uploads\\\/cropped-cropped-Logo_Albert_Pla_Boada.png\",\"contentUrl\":\"https:\\\/\\\/albertboada.com\\\/wp-content\\\/uploads\\\/cropped-cropped-Logo_Albert_Pla_Boada.png\",\"width\":512,\"height\":473,\"caption\":\"Albert Boada\"},\"image\":{\"@id\":\"https:\\\/\\\/albertboada.com\\\/ca\\\/#\\\/schema\\\/logo\\\/image\\\/\"}}]}<\/script>\n<!-- \/ Yoast SEO plugin. -->","yoast_head_json":{"title":"Frank sin cobertura (Adquirido) - Albert Boada","robots":{"index":"index","follow":"follow","max-snippet":"max-snippet:-1","max-image-preview":"max-image-preview:large","max-video-preview":"max-video-preview:-1"},"canonical":"https:\/\/albertboada.com\/ca\/obras\/amici-nobis\/frank-sin-cobertura\/","og_locale":"ca_ES","og_type":"article","og_title":"Frank sin cobertura (Adquirido) - Albert Boada","og_description":"Frank y sus amigos fueron de excursi\u00f3n, con la mala suerte de que Frank se despist\u00f3 y no supo encontrar el autocar que les devolver\u00eda al hotel, donde le esperaba un ba\u00f1o relajante. Pero en estos lares desprovistos del yugo humano, la tecnolog\u00eda es como es y el desorientado Frank se qued\u00f3 sin cobertura en medio de la naturaleza. Buscando un cerro que le diera alguna l\u00ednea, se encontr\u00f3 de cara con el avestruz. \u00bfD\u00f3nde vas?, le dijo. Estoy buscando cobertura, pues me he perdido y no me funciona el Google Maps. \u00bfPero te has dado cuenta de que soy un avestruz que habla? A lo que Frank respondi\u00f3: No me incordies, por favor, que ahora tengo un problema muy serio que resolver. \u00bfEstupidez o inconsciencia?","og_url":"https:\/\/albertboada.com\/ca\/obras\/amici-nobis\/frank-sin-cobertura\/","og_site_name":"Albert Boada","article_modified_time":"2026-04-10T19:07:21+00:00","og_image":[{"width":2000,"height":2000,"url":"https:\/\/albertboada.com\/wp-content\/uploads\/FRANK_SIN_COBERTURA.jpg","type":"image\/jpeg"}],"twitter_card":"summary_large_image","twitter_misc":{"Temps estimat de lectura":"1 minut"},"schema":{"@context":"https:\/\/schema.org","@graph":[{"@type":"WebPage","@id":"https:\/\/albertboada.com\/ca\/obras\/amici-nobis\/frank-sin-cobertura\/","url":"https:\/\/albertboada.com\/ca\/obras\/amici-nobis\/frank-sin-cobertura\/","name":"Frank sin cobertura (Adquirido) - Albert Boada","isPartOf":{"@id":"https:\/\/albertboada.com\/ca\/#website"},"primaryImageOfPage":{"@id":"https:\/\/albertboada.com\/ca\/obras\/amici-nobis\/frank-sin-cobertura\/#primaryimage"},"image":{"@id":"https:\/\/albertboada.com\/ca\/obras\/amici-nobis\/frank-sin-cobertura\/#primaryimage"},"thumbnailUrl":"https:\/\/albertboada.com\/wp-content\/uploads\/FRANK_SIN_COBERTURA.jpg","datePublished":"2025-02-20T22:48:44+00:00","dateModified":"2026-04-10T19:07:21+00:00","breadcrumb":{"@id":"https:\/\/albertboada.com\/ca\/obras\/amici-nobis\/frank-sin-cobertura\/#breadcrumb"},"inLanguage":"ca","potentialAction":[{"@type":"ReadAction","target":["https:\/\/albertboada.com\/ca\/obras\/amici-nobis\/frank-sin-cobertura\/"]}]},{"@type":"ImageObject","inLanguage":"ca","@id":"https:\/\/albertboada.com\/ca\/obras\/amici-nobis\/frank-sin-cobertura\/#primaryimage","url":"https:\/\/albertboada.com\/wp-content\/uploads\/FRANK_SIN_COBERTURA.jpg","contentUrl":"https:\/\/albertboada.com\/wp-content\/uploads\/FRANK_SIN_COBERTURA.jpg","width":2000,"height":2000},{"@type":"BreadcrumbList","@id":"https:\/\/albertboada.com\/ca\/obras\/amici-nobis\/frank-sin-cobertura\/#breadcrumb","itemListElement":[{"@type":"ListItem","position":1,"name":"Portada","item":"https:\/\/albertboada.com\/ca\/"},{"@type":"ListItem","position":2,"name":"Obres","item":"https:\/\/albertboada.com\/ca\/obres\/"},{"@type":"ListItem","position":3,"name":"Frank sin cobertura (Adquirido)"}]},{"@type":"WebSite","@id":"https:\/\/albertboada.com\/ca\/#website","url":"https:\/\/albertboada.com\/ca\/","name":"Albert Boada","description":"","publisher":{"@id":"https:\/\/albertboada.com\/ca\/#organization"},"potentialAction":[{"@type":"SearchAction","target":{"@type":"EntryPoint","urlTemplate":"https:\/\/albertboada.com\/ca\/?s={search_term_string}"},"query-input":{"@type":"PropertyValueSpecification","valueRequired":true,"valueName":"search_term_string"}}],"inLanguage":"ca"},{"@type":"Organization","@id":"https:\/\/albertboada.com\/ca\/#organization","name":"Albert Boada","url":"https:\/\/albertboada.com\/ca\/","logo":{"@type":"ImageObject","inLanguage":"ca","@id":"https:\/\/albertboada.com\/ca\/#\/schema\/logo\/image\/","url":"https:\/\/albertboada.com\/wp-content\/uploads\/cropped-cropped-Logo_Albert_Pla_Boada.png","contentUrl":"https:\/\/albertboada.com\/wp-content\/uploads\/cropped-cropped-Logo_Albert_Pla_Boada.png","width":512,"height":473,"caption":"Albert Boada"},"image":{"@id":"https:\/\/albertboada.com\/ca\/#\/schema\/logo\/image\/"}}]}},"_links":{"self":[{"href":"https:\/\/albertboada.com\/ca\/wp-json\/wp\/v2\/product\/1948","targetHints":{"allow":["GET"]}}],"collection":[{"href":"https:\/\/albertboada.com\/ca\/wp-json\/wp\/v2\/product"}],"about":[{"href":"https:\/\/albertboada.com\/ca\/wp-json\/wp\/v2\/types\/product"}],"replies":[{"embeddable":true,"href":"https:\/\/albertboada.com\/ca\/wp-json\/wp\/v2\/comments?post=1948"}],"version-history":[{"count":2,"href":"https:\/\/albertboada.com\/ca\/wp-json\/wp\/v2\/product\/1948\/revisions"}],"predecessor-version":[{"id":2961,"href":"https:\/\/albertboada.com\/ca\/wp-json\/wp\/v2\/product\/1948\/revisions\/2961"}],"wp:featuredmedia":[{"embeddable":true,"href":"https:\/\/albertboada.com\/ca\/wp-json\/wp\/v2\/media\/1944"}],"wp:attachment":[{"href":"https:\/\/albertboada.com\/ca\/wp-json\/wp\/v2\/media?parent=1948"}],"wp:term":[{"taxonomy":"autores","embeddable":true,"href":"https:\/\/albertboada.com\/ca\/wp-json\/wp\/v2\/autores?post=1948"},{"taxonomy":"product_brand","embeddable":true,"href":"https:\/\/albertboada.com\/ca\/wp-json\/wp\/v2\/product_brand?post=1948"},{"taxonomy":"product_cat","embeddable":true,"href":"https:\/\/albertboada.com\/ca\/wp-json\/wp\/v2\/product_cat?post=1948"},{"taxonomy":"product_tag","embeddable":true,"href":"https:\/\/albertboada.com\/ca\/wp-json\/wp\/v2\/product_tag?post=1948"}],"curies":[{"name":"wp","href":"https:\/\/api.w.org\/{rel}","templated":true}]}}