{"id":2699,"date":"2025-04-09T20:56:00","date_gmt":"2025-04-09T18:56:00","guid":{"rendered":"https:\/\/albertboada.com\/?post_type=product&#038;p=2699"},"modified":"2025-04-09T20:56:00","modified_gmt":"2025-04-09T18:56:00","slug":"casa-roja","status":"publish","type":"product","link":"https:\/\/albertboada.com\/ca\/obras\/cosas-rojas\/casa-roja\/","title":{"rendered":"Casa roja"},"content":{"rendered":"<p>\u00d3leo sobre madera. Obra original y \u00fanica, donde el autor emula una situaci\u00f3n de desolaci\u00f3n y con elementos imposibles como piedras que levitan. Esta obra nos invita a reflexionar sobre la utop\u00eda y las ideas fracasadas.<\/p>\n","protected":false},"excerpt":{"rendered":"<p>\u00d3leo sobre madera. Obra original y \u00fanica, donde el autor emula una situaci\u00f3n de desolaci\u00f3n y con elementos imposibles como piedras que levitan. Esta obra nos invita a reflexionar sobre la utop\u00eda y las ideas fracasadas.<\/p>\n","protected":false},"featured_media":2700,"comment_status":"closed","ping_status":"closed","template":"","meta":{"_acf_changed":false,"_joinchat":[]},"autores":[56],"product_brand":[],"product_cat":[93],"product_tag":[],"class_list":{"0":"post-2699","1":"product","2":"type-product","3":"status-publish","4":"has-post-thumbnail","6":"autores-albert-boada","7":"product_cat-cosas-rojas","9":"first","10":"instock","11":"taxable","12":"shipping-taxable","13":"purchasable","14":"product-type-simple"},"acf":[],"yoast_head":"<!-- This site is optimized with the Yoast SEO plugin v27.5 - https:\/\/yoast.com\/product\/yoast-seo-wordpress\/ -->\n<title>Casa roja - Albert Boada<\/title>\n<meta name=\"robots\" content=\"index, follow, max-snippet:-1, max-image-preview:large, max-video-preview:-1\" \/>\n<link rel=\"canonical\" href=\"https:\/\/albertboada.com\/ca\/obras\/cosas-rojas\/casa-roja\/\" \/>\n<meta property=\"og:locale\" content=\"ca_ES\" \/>\n<meta property=\"og:type\" content=\"article\" \/>\n<meta property=\"og:title\" content=\"Casa roja - Albert Boada\" \/>\n<meta property=\"og:description\" content=\"\u00d3leo sobre madera. Obra original y \u00fanica, donde el autor emula una situaci\u00f3n de desolaci\u00f3n y con elementos imposibles como piedras que levitan. Esta obra nos invita a reflexionar sobre la utop\u00eda y las ideas fracasadas.\" \/>\n<meta property=\"og:url\" content=\"https:\/\/albertboada.com\/ca\/obras\/cosas-rojas\/casa-roja\/\" \/>\n<meta property=\"og:site_name\" content=\"Albert Boada\" \/>\n<meta property=\"og:image\" content=\"https:\/\/albertboada.com\/wp-content\/uploads\/IMG_1291-scaled.jpg\" \/>\n\t<meta property=\"og:image:width\" content=\"2000\" \/>\n\t<meta property=\"og:image:height\" content=\"1655\" \/>\n\t<meta property=\"og:image:type\" content=\"image\/jpeg\" \/>\n<meta name=\"twitter:card\" content=\"summary_large_image\" \/>\n<meta name=\"twitter:label1\" content=\"Temps estimat de lectura\" \/>\n\t<meta name=\"twitter:data1\" content=\"1 minut\" \/>\n<script type=\"application\/ld+json\" class=\"yoast-schema-graph\">{\"@context\":\"https:\\\/\\\/schema.org\",\"@graph\":[{\"@type\":\"WebPage\",\"@id\":\"https:\\\/\\\/albertboada.com\\\/ca\\\/obras\\\/cosas-rojas\\\/casa-roja\\\/\",\"url\":\"https:\\\/\\\/albertboada.com\\\/ca\\\/obras\\\/cosas-rojas\\\/casa-roja\\\/\",\"name\":\"Casa roja - Albert Boada\",\"isPartOf\":{\"@id\":\"https:\\\/\\\/albertboada.com\\\/ca\\\/#website\"},\"primaryImageOfPage\":{\"@id\":\"https:\\\/\\\/albertboada.com\\\/ca\\\/obras\\\/cosas-rojas\\\/casa-roja\\\/#primaryimage\"},\"image\":{\"@id\":\"https:\\\/\\\/albertboada.com\\\/ca\\\/obras\\\/cosas-rojas\\\/casa-roja\\\/#primaryimage\"},\"thumbnailUrl\":\"https:\\\/\\\/albertboada.com\\\/wp-content\\\/uploads\\\/IMG_1291-scaled.jpg\",\"datePublished\":\"2025-04-09T18:56:00+00:00\",\"breadcrumb\":{\"@id\":\"https:\\\/\\\/albertboada.com\\\/ca\\\/obras\\\/cosas-rojas\\\/casa-roja\\\/#breadcrumb\"},\"inLanguage\":\"ca\",\"potentialAction\":[{\"@type\":\"ReadAction\",\"target\":[\"https:\\\/\\\/albertboada.com\\\/ca\\\/obras\\\/cosas-rojas\\\/casa-roja\\\/\"]}]},{\"@type\":\"ImageObject\",\"inLanguage\":\"ca\",\"@id\":\"https:\\\/\\\/albertboada.com\\\/ca\\\/obras\\\/cosas-rojas\\\/casa-roja\\\/#primaryimage\",\"url\":\"https:\\\/\\\/albertboada.com\\\/wp-content\\\/uploads\\\/IMG_1291-scaled.jpg\",\"contentUrl\":\"https:\\\/\\\/albertboada.com\\\/wp-content\\\/uploads\\\/IMG_1291-scaled.jpg\",\"width\":2000,\"height\":1655},{\"@type\":\"BreadcrumbList\",\"@id\":\"https:\\\/\\\/albertboada.com\\\/ca\\\/obras\\\/cosas-rojas\\\/casa-roja\\\/#breadcrumb\",\"itemListElement\":[{\"@type\":\"ListItem\",\"position\":1,\"name\":\"Portada\",\"item\":\"https:\\\/\\\/albertboada.com\\\/ca\\\/\"},{\"@type\":\"ListItem\",\"position\":2,\"name\":\"Obres\",\"item\":\"https:\\\/\\\/albertboada.com\\\/ca\\\/obres\\\/\"},{\"@type\":\"ListItem\",\"position\":3,\"name\":\"Casa roja\"}]},{\"@type\":\"WebSite\",\"@id\":\"https:\\\/\\\/albertboada.com\\\/ca\\\/#website\",\"url\":\"https:\\\/\\\/albertboada.com\\\/ca\\\/\",\"name\":\"Albert Boada\",\"description\":\"\",\"publisher\":{\"@id\":\"https:\\\/\\\/albertboada.com\\\/ca\\\/#organization\"},\"potentialAction\":[{\"@type\":\"SearchAction\",\"target\":{\"@type\":\"EntryPoint\",\"urlTemplate\":\"https:\\\/\\\/albertboada.com\\\/ca\\\/?s={search_term_string}\"},\"query-input\":{\"@type\":\"PropertyValueSpecification\",\"valueRequired\":true,\"valueName\":\"search_term_string\"}}],\"inLanguage\":\"ca\"},{\"@type\":\"Organization\",\"@id\":\"https:\\\/\\\/albertboada.com\\\/ca\\\/#organization\",\"name\":\"Albert Boada\",\"url\":\"https:\\\/\\\/albertboada.com\\\/ca\\\/\",\"logo\":{\"@type\":\"ImageObject\",\"inLanguage\":\"ca\",\"@id\":\"https:\\\/\\\/albertboada.com\\\/ca\\\/#\\\/schema\\\/logo\\\/image\\\/\",\"url\":\"https:\\\/\\\/albertboada.com\\\/wp-content\\\/uploads\\\/cropped-cropped-Logo_Albert_Pla_Boada.png\",\"contentUrl\":\"https:\\\/\\\/albertboada.com\\\/wp-content\\\/uploads\\\/cropped-cropped-Logo_Albert_Pla_Boada.png\",\"width\":512,\"height\":473,\"caption\":\"Albert Boada\"},\"image\":{\"@id\":\"https:\\\/\\\/albertboada.com\\\/ca\\\/#\\\/schema\\\/logo\\\/image\\\/\"}}]}<\/script>\n<!-- \/ Yoast SEO plugin. -->","yoast_head_json":{"title":"Casa roja - Albert Boada","robots":{"index":"index","follow":"follow","max-snippet":"max-snippet:-1","max-image-preview":"max-image-preview:large","max-video-preview":"max-video-preview:-1"},"canonical":"https:\/\/albertboada.com\/ca\/obras\/cosas-rojas\/casa-roja\/","og_locale":"ca_ES","og_type":"article","og_title":"Casa roja - Albert Boada","og_description":"\u00d3leo sobre madera. Obra original y \u00fanica, donde el autor emula una situaci\u00f3n de desolaci\u00f3n y con elementos imposibles como piedras que levitan. Esta obra nos invita a reflexionar sobre la utop\u00eda y las ideas fracasadas.","og_url":"https:\/\/albertboada.com\/ca\/obras\/cosas-rojas\/casa-roja\/","og_site_name":"Albert Boada","og_image":[{"width":2000,"height":1655,"url":"https:\/\/albertboada.com\/wp-content\/uploads\/IMG_1291-scaled.jpg","type":"image\/jpeg"}],"twitter_card":"summary_large_image","twitter_misc":{"Temps estimat de lectura":"1 minut"},"schema":{"@context":"https:\/\/schema.org","@graph":[{"@type":"WebPage","@id":"https:\/\/albertboada.com\/ca\/obras\/cosas-rojas\/casa-roja\/","url":"https:\/\/albertboada.com\/ca\/obras\/cosas-rojas\/casa-roja\/","name":"Casa roja - Albert Boada","isPartOf":{"@id":"https:\/\/albertboada.com\/ca\/#website"},"primaryImageOfPage":{"@id":"https:\/\/albertboada.com\/ca\/obras\/cosas-rojas\/casa-roja\/#primaryimage"},"image":{"@id":"https:\/\/albertboada.com\/ca\/obras\/cosas-rojas\/casa-roja\/#primaryimage"},"thumbnailUrl":"https:\/\/albertboada.com\/wp-content\/uploads\/IMG_1291-scaled.jpg","datePublished":"2025-04-09T18:56:00+00:00","breadcrumb":{"@id":"https:\/\/albertboada.com\/ca\/obras\/cosas-rojas\/casa-roja\/#breadcrumb"},"inLanguage":"ca","potentialAction":[{"@type":"ReadAction","target":["https:\/\/albertboada.com\/ca\/obras\/cosas-rojas\/casa-roja\/"]}]},{"@type":"ImageObject","inLanguage":"ca","@id":"https:\/\/albertboada.com\/ca\/obras\/cosas-rojas\/casa-roja\/#primaryimage","url":"https:\/\/albertboada.com\/wp-content\/uploads\/IMG_1291-scaled.jpg","contentUrl":"https:\/\/albertboada.com\/wp-content\/uploads\/IMG_1291-scaled.jpg","width":2000,"height":1655},{"@type":"BreadcrumbList","@id":"https:\/\/albertboada.com\/ca\/obras\/cosas-rojas\/casa-roja\/#breadcrumb","itemListElement":[{"@type":"ListItem","position":1,"name":"Portada","item":"https:\/\/albertboada.com\/ca\/"},{"@type":"ListItem","position":2,"name":"Obres","item":"https:\/\/albertboada.com\/ca\/obres\/"},{"@type":"ListItem","position":3,"name":"Casa roja"}]},{"@type":"WebSite","@id":"https:\/\/albertboada.com\/ca\/#website","url":"https:\/\/albertboada.com\/ca\/","name":"Albert Boada","description":"","publisher":{"@id":"https:\/\/albertboada.com\/ca\/#organization"},"potentialAction":[{"@type":"SearchAction","target":{"@type":"EntryPoint","urlTemplate":"https:\/\/albertboada.com\/ca\/?s={search_term_string}"},"query-input":{"@type":"PropertyValueSpecification","valueRequired":true,"valueName":"search_term_string"}}],"inLanguage":"ca"},{"@type":"Organization","@id":"https:\/\/albertboada.com\/ca\/#organization","name":"Albert Boada","url":"https:\/\/albertboada.com\/ca\/","logo":{"@type":"ImageObject","inLanguage":"ca","@id":"https:\/\/albertboada.com\/ca\/#\/schema\/logo\/image\/","url":"https:\/\/albertboada.com\/wp-content\/uploads\/cropped-cropped-Logo_Albert_Pla_Boada.png","contentUrl":"https:\/\/albertboada.com\/wp-content\/uploads\/cropped-cropped-Logo_Albert_Pla_Boada.png","width":512,"height":473,"caption":"Albert Boada"},"image":{"@id":"https:\/\/albertboada.com\/ca\/#\/schema\/logo\/image\/"}}]}},"_links":{"self":[{"href":"https:\/\/albertboada.com\/ca\/wp-json\/wp\/v2\/product\/2699","targetHints":{"allow":["GET"]}}],"collection":[{"href":"https:\/\/albertboada.com\/ca\/wp-json\/wp\/v2\/product"}],"about":[{"href":"https:\/\/albertboada.com\/ca\/wp-json\/wp\/v2\/types\/product"}],"replies":[{"embeddable":true,"href":"https:\/\/albertboada.com\/ca\/wp-json\/wp\/v2\/comments?post=2699"}],"version-history":[{"count":2,"href":"https:\/\/albertboada.com\/ca\/wp-json\/wp\/v2\/product\/2699\/revisions"}],"predecessor-version":[{"id":2709,"href":"https:\/\/albertboada.com\/ca\/wp-json\/wp\/v2\/product\/2699\/revisions\/2709"}],"wp:featuredmedia":[{"embeddable":true,"href":"https:\/\/albertboada.com\/ca\/wp-json\/wp\/v2\/media\/2700"}],"wp:attachment":[{"href":"https:\/\/albertboada.com\/ca\/wp-json\/wp\/v2\/media?parent=2699"}],"wp:term":[{"taxonomy":"autores","embeddable":true,"href":"https:\/\/albertboada.com\/ca\/wp-json\/wp\/v2\/autores?post=2699"},{"taxonomy":"product_brand","embeddable":true,"href":"https:\/\/albertboada.com\/ca\/wp-json\/wp\/v2\/product_brand?post=2699"},{"taxonomy":"product_cat","embeddable":true,"href":"https:\/\/albertboada.com\/ca\/wp-json\/wp\/v2\/product_cat?post=2699"},{"taxonomy":"product_tag","embeddable":true,"href":"https:\/\/albertboada.com\/ca\/wp-json\/wp\/v2\/product_tag?post=2699"}],"curies":[{"name":"wp","href":"https:\/\/api.w.org\/{rel}","templated":true}]}}