{"id":2898,"date":"2025-09-05T12:01:32","date_gmt":"2025-09-05T10:01:32","guid":{"rendered":"https:\/\/albertboada.com\/?post_type=product&#038;p=2898"},"modified":"2025-09-05T12:01:32","modified_gmt":"2025-09-05T10:01:32","slug":"el-crepusculo-de-los-bucaneros","status":"publish","type":"product","link":"https:\/\/albertboada.com\/ca\/obras\/divina-affectio\/el-crepusculo-de-los-bucaneros\/","title":{"rendered":"El crep\u00fasculo de los bucaneros"},"content":{"rendered":"","protected":false},"excerpt":{"rendered":"<h3><em>El crep\u00fasculo de los bucaneros<\/em><\/h3>\n<p><strong>Albert Boada<\/strong> \u00b7 Pintura al \u00f3leo \u00b7 Binibequer, Menorca<\/p>\n<p>En esta obra original, Albert Boada nos invita a sumergirnos en una escena cargada de poes\u00eda visual: un grupo de ni\u00f1os juega con linternas en la playa de Binibequer un para\u00edso menorqu\u00edn, mientras el crep\u00fasculo ti\u00f1e el cielo con tonos c\u00e1lidos y melanc\u00f3licos. La luz solar, ya tenue, se entrelaza con el resplandor de las linternas, creando un ambiente \u00edntimo, rom\u00e1ntico y profundamente nost\u00e1lgico.<\/p>\n<p>Boada captura con delicadeza la esencia de una infancia libre, ajena a las tecnolog\u00edas modernas, donde la imaginaci\u00f3n era el \u00fanico motor de juego. La pintura evoca un tiempo suspendido, en el que los ni\u00f1os se convierten en peque\u00f1os bucaneros, exploradores de un mundo que a\u00fan les pertenece. La atm\u00f3sfera es serena, pero vibrante; sencilla, pero cargada de significado.<\/p>\n<p><em>El crep\u00fasculo de los bucaneros<\/em> no es solo una escena costera: es un homenaje a la libertad infantil, a los veranos sin prisa, y a la magia de jugar sin m\u00e1s herramientas que la luz, la arena y los sue\u00f1os.<\/p>\n","protected":false},"featured_media":2888,"comment_status":"closed","ping_status":"closed","template":"","meta":{"_acf_changed":false,"_joinchat":[]},"autores":[56],"product_brand":[],"product_cat":[18],"product_tag":[],"class_list":{"0":"post-2898","1":"product","2":"type-product","3":"status-publish","4":"has-post-thumbnail","6":"autores-albert-boada","7":"product_cat-divina-affectio","9":"first","10":"instock","11":"taxable","12":"shipping-taxable","13":"purchasable","14":"product-type-simple"},"acf":[],"yoast_head":"<!-- This site is optimized with the Yoast SEO plugin v27.5 - https:\/\/yoast.com\/product\/yoast-seo-wordpress\/ -->\n<title>El crep\u00fasculo de los bucaneros - Albert Boada<\/title>\n<meta name=\"robots\" content=\"index, follow, max-snippet:-1, max-image-preview:large, max-video-preview:-1\" \/>\n<link rel=\"canonical\" href=\"https:\/\/albertboada.com\/ca\/obras\/divina-affectio\/el-crepusculo-de-los-bucaneros\/\" \/>\n<meta property=\"og:locale\" content=\"ca_ES\" \/>\n<meta property=\"og:type\" content=\"article\" \/>\n<meta property=\"og:title\" content=\"El crep\u00fasculo de los bucaneros - Albert Boada\" \/>\n<meta property=\"og:description\" content=\"El crep\u00fasculo de los bucaneros Albert Boada \u00b7 Pintura al \u00f3leo \u00b7 Binibequer, Menorca  En esta obra original, Albert Boada nos invita a sumergirnos en una escena cargada de poes\u00eda visual: un grupo de ni\u00f1os juega con linternas en la playa de Binibequer un para\u00edso menorqu\u00edn, mientras el crep\u00fasculo ti\u00f1e el cielo con tonos c\u00e1lidos y melanc\u00f3licos. La luz solar, ya tenue, se entrelaza con el resplandor de las linternas, creando un ambiente \u00edntimo, rom\u00e1ntico y profundamente nost\u00e1lgico.  Boada captura con delicadeza la esencia de una infancia libre, ajena a las tecnolog\u00edas modernas, donde la imaginaci\u00f3n era el \u00fanico motor de juego. La pintura evoca un tiempo suspendido, en el que los ni\u00f1os se convierten en peque\u00f1os bucaneros, exploradores de un mundo que a\u00fan les pertenece. La atm\u00f3sfera es serena, pero vibrante; sencilla, pero cargada de significado.  El crep\u00fasculo de los bucaneros no es solo una escena costera: es un homenaje a la libertad infantil, a los veranos sin prisa, y a la magia de jugar sin m\u00e1s herramientas que la luz, la arena y los sue\u00f1os.\" \/>\n<meta property=\"og:url\" content=\"https:\/\/albertboada.com\/ca\/obras\/divina-affectio\/el-crepusculo-de-los-bucaneros\/\" \/>\n<meta property=\"og:site_name\" content=\"Albert Boada\" \/>\n<meta property=\"og:image\" content=\"https:\/\/albertboada.com\/wp-content\/uploads\/Captura-de-pantalla-2025-09-03-a-las-15.50.51.png\" \/>\n\t<meta property=\"og:image:width\" content=\"800\" \/>\n\t<meta property=\"og:image:height\" content=\"644\" \/>\n\t<meta property=\"og:image:type\" content=\"image\/png\" \/>\n<meta name=\"twitter:card\" content=\"summary_large_image\" \/>\n<meta name=\"twitter:label1\" content=\"Temps estimat de lectura\" \/>\n\t<meta name=\"twitter:data1\" content=\"1 minut\" \/>\n<script type=\"application\/ld+json\" class=\"yoast-schema-graph\">{\"@context\":\"https:\\\/\\\/schema.org\",\"@graph\":[{\"@type\":\"WebPage\",\"@id\":\"https:\\\/\\\/albertboada.com\\\/ca\\\/obras\\\/divina-affectio\\\/el-crepusculo-de-los-bucaneros\\\/\",\"url\":\"https:\\\/\\\/albertboada.com\\\/ca\\\/obras\\\/divina-affectio\\\/el-crepusculo-de-los-bucaneros\\\/\",\"name\":\"El crep\u00fasculo de los bucaneros - Albert Boada\",\"isPartOf\":{\"@id\":\"https:\\\/\\\/albertboada.com\\\/ca\\\/#website\"},\"primaryImageOfPage\":{\"@id\":\"https:\\\/\\\/albertboada.com\\\/ca\\\/obras\\\/divina-affectio\\\/el-crepusculo-de-los-bucaneros\\\/#primaryimage\"},\"image\":{\"@id\":\"https:\\\/\\\/albertboada.com\\\/ca\\\/obras\\\/divina-affectio\\\/el-crepusculo-de-los-bucaneros\\\/#primaryimage\"},\"thumbnailUrl\":\"https:\\\/\\\/albertboada.com\\\/wp-content\\\/uploads\\\/Captura-de-pantalla-2025-09-03-a-las-15.50.51.png\",\"datePublished\":\"2025-09-05T10:01:32+00:00\",\"breadcrumb\":{\"@id\":\"https:\\\/\\\/albertboada.com\\\/ca\\\/obras\\\/divina-affectio\\\/el-crepusculo-de-los-bucaneros\\\/#breadcrumb\"},\"inLanguage\":\"ca\",\"potentialAction\":[{\"@type\":\"ReadAction\",\"target\":[\"https:\\\/\\\/albertboada.com\\\/ca\\\/obras\\\/divina-affectio\\\/el-crepusculo-de-los-bucaneros\\\/\"]}]},{\"@type\":\"ImageObject\",\"inLanguage\":\"ca\",\"@id\":\"https:\\\/\\\/albertboada.com\\\/ca\\\/obras\\\/divina-affectio\\\/el-crepusculo-de-los-bucaneros\\\/#primaryimage\",\"url\":\"https:\\\/\\\/albertboada.com\\\/wp-content\\\/uploads\\\/Captura-de-pantalla-2025-09-03-a-las-15.50.51.png\",\"contentUrl\":\"https:\\\/\\\/albertboada.com\\\/wp-content\\\/uploads\\\/Captura-de-pantalla-2025-09-03-a-las-15.50.51.png\",\"width\":1590,\"height\":1280},{\"@type\":\"BreadcrumbList\",\"@id\":\"https:\\\/\\\/albertboada.com\\\/ca\\\/obras\\\/divina-affectio\\\/el-crepusculo-de-los-bucaneros\\\/#breadcrumb\",\"itemListElement\":[{\"@type\":\"ListItem\",\"position\":1,\"name\":\"Portada\",\"item\":\"https:\\\/\\\/albertboada.com\\\/ca\\\/\"},{\"@type\":\"ListItem\",\"position\":2,\"name\":\"Obres\",\"item\":\"https:\\\/\\\/albertboada.com\\\/ca\\\/obres\\\/\"},{\"@type\":\"ListItem\",\"position\":3,\"name\":\"El crep\u00fasculo de los bucaneros\"}]},{\"@type\":\"WebSite\",\"@id\":\"https:\\\/\\\/albertboada.com\\\/ca\\\/#website\",\"url\":\"https:\\\/\\\/albertboada.com\\\/ca\\\/\",\"name\":\"Albert Boada\",\"description\":\"\",\"publisher\":{\"@id\":\"https:\\\/\\\/albertboada.com\\\/ca\\\/#organization\"},\"potentialAction\":[{\"@type\":\"SearchAction\",\"target\":{\"@type\":\"EntryPoint\",\"urlTemplate\":\"https:\\\/\\\/albertboada.com\\\/ca\\\/?s={search_term_string}\"},\"query-input\":{\"@type\":\"PropertyValueSpecification\",\"valueRequired\":true,\"valueName\":\"search_term_string\"}}],\"inLanguage\":\"ca\"},{\"@type\":\"Organization\",\"@id\":\"https:\\\/\\\/albertboada.com\\\/ca\\\/#organization\",\"name\":\"Albert Boada\",\"url\":\"https:\\\/\\\/albertboada.com\\\/ca\\\/\",\"logo\":{\"@type\":\"ImageObject\",\"inLanguage\":\"ca\",\"@id\":\"https:\\\/\\\/albertboada.com\\\/ca\\\/#\\\/schema\\\/logo\\\/image\\\/\",\"url\":\"https:\\\/\\\/albertboada.com\\\/wp-content\\\/uploads\\\/cropped-cropped-Logo_Albert_Pla_Boada.png\",\"contentUrl\":\"https:\\\/\\\/albertboada.com\\\/wp-content\\\/uploads\\\/cropped-cropped-Logo_Albert_Pla_Boada.png\",\"width\":512,\"height\":473,\"caption\":\"Albert Boada\"},\"image\":{\"@id\":\"https:\\\/\\\/albertboada.com\\\/ca\\\/#\\\/schema\\\/logo\\\/image\\\/\"}}]}<\/script>\n<!-- \/ Yoast SEO plugin. -->","yoast_head_json":{"title":"El crep\u00fasculo de los bucaneros - Albert Boada","robots":{"index":"index","follow":"follow","max-snippet":"max-snippet:-1","max-image-preview":"max-image-preview:large","max-video-preview":"max-video-preview:-1"},"canonical":"https:\/\/albertboada.com\/ca\/obras\/divina-affectio\/el-crepusculo-de-los-bucaneros\/","og_locale":"ca_ES","og_type":"article","og_title":"El crep\u00fasculo de los bucaneros - Albert Boada","og_description":"El crep\u00fasculo de los bucaneros Albert Boada \u00b7 Pintura al \u00f3leo \u00b7 Binibequer, Menorca  En esta obra original, Albert Boada nos invita a sumergirnos en una escena cargada de poes\u00eda visual: un grupo de ni\u00f1os juega con linternas en la playa de Binibequer un para\u00edso menorqu\u00edn, mientras el crep\u00fasculo ti\u00f1e el cielo con tonos c\u00e1lidos y melanc\u00f3licos. La luz solar, ya tenue, se entrelaza con el resplandor de las linternas, creando un ambiente \u00edntimo, rom\u00e1ntico y profundamente nost\u00e1lgico.  Boada captura con delicadeza la esencia de una infancia libre, ajena a las tecnolog\u00edas modernas, donde la imaginaci\u00f3n era el \u00fanico motor de juego. La pintura evoca un tiempo suspendido, en el que los ni\u00f1os se convierten en peque\u00f1os bucaneros, exploradores de un mundo que a\u00fan les pertenece. La atm\u00f3sfera es serena, pero vibrante; sencilla, pero cargada de significado.  El crep\u00fasculo de los bucaneros no es solo una escena costera: es un homenaje a la libertad infantil, a los veranos sin prisa, y a la magia de jugar sin m\u00e1s herramientas que la luz, la arena y los sue\u00f1os.","og_url":"https:\/\/albertboada.com\/ca\/obras\/divina-affectio\/el-crepusculo-de-los-bucaneros\/","og_site_name":"Albert Boada","og_image":[{"url":"https:\/\/albertboada.com\/wp-content\/uploads\/Captura-de-pantalla-2025-09-03-a-las-15.50.51.png","width":800,"height":644,"type":"image\/png"}],"twitter_card":"summary_large_image","twitter_misc":{"Temps estimat de lectura":"1 minut"},"schema":{"@context":"https:\/\/schema.org","@graph":[{"@type":"WebPage","@id":"https:\/\/albertboada.com\/ca\/obras\/divina-affectio\/el-crepusculo-de-los-bucaneros\/","url":"https:\/\/albertboada.com\/ca\/obras\/divina-affectio\/el-crepusculo-de-los-bucaneros\/","name":"El crep\u00fasculo de los bucaneros - Albert Boada","isPartOf":{"@id":"https:\/\/albertboada.com\/ca\/#website"},"primaryImageOfPage":{"@id":"https:\/\/albertboada.com\/ca\/obras\/divina-affectio\/el-crepusculo-de-los-bucaneros\/#primaryimage"},"image":{"@id":"https:\/\/albertboada.com\/ca\/obras\/divina-affectio\/el-crepusculo-de-los-bucaneros\/#primaryimage"},"thumbnailUrl":"https:\/\/albertboada.com\/wp-content\/uploads\/Captura-de-pantalla-2025-09-03-a-las-15.50.51.png","datePublished":"2025-09-05T10:01:32+00:00","breadcrumb":{"@id":"https:\/\/albertboada.com\/ca\/obras\/divina-affectio\/el-crepusculo-de-los-bucaneros\/#breadcrumb"},"inLanguage":"ca","potentialAction":[{"@type":"ReadAction","target":["https:\/\/albertboada.com\/ca\/obras\/divina-affectio\/el-crepusculo-de-los-bucaneros\/"]}]},{"@type":"ImageObject","inLanguage":"ca","@id":"https:\/\/albertboada.com\/ca\/obras\/divina-affectio\/el-crepusculo-de-los-bucaneros\/#primaryimage","url":"https:\/\/albertboada.com\/wp-content\/uploads\/Captura-de-pantalla-2025-09-03-a-las-15.50.51.png","contentUrl":"https:\/\/albertboada.com\/wp-content\/uploads\/Captura-de-pantalla-2025-09-03-a-las-15.50.51.png","width":1590,"height":1280},{"@type":"BreadcrumbList","@id":"https:\/\/albertboada.com\/ca\/obras\/divina-affectio\/el-crepusculo-de-los-bucaneros\/#breadcrumb","itemListElement":[{"@type":"ListItem","position":1,"name":"Portada","item":"https:\/\/albertboada.com\/ca\/"},{"@type":"ListItem","position":2,"name":"Obres","item":"https:\/\/albertboada.com\/ca\/obres\/"},{"@type":"ListItem","position":3,"name":"El crep\u00fasculo de los bucaneros"}]},{"@type":"WebSite","@id":"https:\/\/albertboada.com\/ca\/#website","url":"https:\/\/albertboada.com\/ca\/","name":"Albert Boada","description":"","publisher":{"@id":"https:\/\/albertboada.com\/ca\/#organization"},"potentialAction":[{"@type":"SearchAction","target":{"@type":"EntryPoint","urlTemplate":"https:\/\/albertboada.com\/ca\/?s={search_term_string}"},"query-input":{"@type":"PropertyValueSpecification","valueRequired":true,"valueName":"search_term_string"}}],"inLanguage":"ca"},{"@type":"Organization","@id":"https:\/\/albertboada.com\/ca\/#organization","name":"Albert Boada","url":"https:\/\/albertboada.com\/ca\/","logo":{"@type":"ImageObject","inLanguage":"ca","@id":"https:\/\/albertboada.com\/ca\/#\/schema\/logo\/image\/","url":"https:\/\/albertboada.com\/wp-content\/uploads\/cropped-cropped-Logo_Albert_Pla_Boada.png","contentUrl":"https:\/\/albertboada.com\/wp-content\/uploads\/cropped-cropped-Logo_Albert_Pla_Boada.png","width":512,"height":473,"caption":"Albert Boada"},"image":{"@id":"https:\/\/albertboada.com\/ca\/#\/schema\/logo\/image\/"}}]}},"_links":{"self":[{"href":"https:\/\/albertboada.com\/ca\/wp-json\/wp\/v2\/product\/2898","targetHints":{"allow":["GET"]}}],"collection":[{"href":"https:\/\/albertboada.com\/ca\/wp-json\/wp\/v2\/product"}],"about":[{"href":"https:\/\/albertboada.com\/ca\/wp-json\/wp\/v2\/types\/product"}],"replies":[{"embeddable":true,"href":"https:\/\/albertboada.com\/ca\/wp-json\/wp\/v2\/comments?post=2898"}],"version-history":[{"count":1,"href":"https:\/\/albertboada.com\/ca\/wp-json\/wp\/v2\/product\/2898\/revisions"}],"predecessor-version":[{"id":2901,"href":"https:\/\/albertboada.com\/ca\/wp-json\/wp\/v2\/product\/2898\/revisions\/2901"}],"wp:featuredmedia":[{"embeddable":true,"href":"https:\/\/albertboada.com\/ca\/wp-json\/wp\/v2\/media\/2888"}],"wp:attachment":[{"href":"https:\/\/albertboada.com\/ca\/wp-json\/wp\/v2\/media?parent=2898"}],"wp:term":[{"taxonomy":"autores","embeddable":true,"href":"https:\/\/albertboada.com\/ca\/wp-json\/wp\/v2\/autores?post=2898"},{"taxonomy":"product_brand","embeddable":true,"href":"https:\/\/albertboada.com\/ca\/wp-json\/wp\/v2\/product_brand?post=2898"},{"taxonomy":"product_cat","embeddable":true,"href":"https:\/\/albertboada.com\/ca\/wp-json\/wp\/v2\/product_cat?post=2898"},{"taxonomy":"product_tag","embeddable":true,"href":"https:\/\/albertboada.com\/ca\/wp-json\/wp\/v2\/product_tag?post=2898"}],"curies":[{"name":"wp","href":"https:\/\/api.w.org\/{rel}","templated":true}]}}