{"id":2988,"date":"2026-04-11T23:33:05","date_gmt":"2026-04-11T21:33:05","guid":{"rendered":"https:\/\/albertboada.com\/?post_type=product&#038;p=2988"},"modified":"2026-04-11T23:33:05","modified_gmt":"2026-04-11T21:33:05","slug":"el-laboratorio-de-los-dioses","status":"publish","type":"product","link":"https:\/\/albertboada.com\/ca\/obras\/amici-nobis\/el-laboratorio-de-los-dioses\/","title":{"rendered":"El laboratorio de los dioses"},"content":{"rendered":"","protected":false},"excerpt":{"rendered":"<div class=\"_aasi _at8n\">\n<div class=\"html-div xdj266r x14z9mp xat24cr x1lziwak xexx8yu xyri2b x18d9i69 x1c1uobl x9f619 xjbqb8w x78zum5 x15mokao x1ga7v0g x16uus16 xbiv7yw x1n2onr6 x1plvlek xryxfnj x1c4vz4f x2lah0s x1q0g3np xqjyukv x6s0dn4 x1oa3qoh x1qughib\">\n<header class=\"_aaqw\">\n<div class=\"_aaqy _aaqz\">\n<div class=\"x1qjc9v5 x972fbf x10w94by x1qhh985 x14e42zd x19ip775 x9f619 x1lliihq xdt5ytf x2lah0s xk390pu xdj266r x14z9mp xat24cr x1lziwak x193iq5w x1nn3v0j x14vy60q x1120s5i xyiysdx x1n2onr6 x11njtxf\">\n<div class=\"x78zum5 xdt5ytf\"><\/div>\n<div class=\"x78zum5\">\n<div>\n<div><\/div>\n<\/div>\n<\/div>\n<\/div>\n<\/div>\n<\/header>\n<div class=\"_aasm\">\n<div>\n<div class=\"x1i10hfl x972fbf x10w94by x1qhh985 x14e42zd x9f619 x3ct3a4 xdj266r x14z9mp xat24cr x1lziwak x16tdsg8 x1hl2dhg xggy1nq x1a2a7pz x6s0dn4 xjbqb8w x1ejq31n x18oe1m7 x1sy0etr xstzfhl x1ypdohk x78zum5 xl56j7k x1y1aw1k xf159sx xwib8y2 xmzvs34 x1epzrsm x4gyw5p x1jplu5e x1o7uuvo x14snt5h\" tabindex=\"0\" role=\"button\">\n<div class=\"x6s0dn4 x78zum5 xdt5ytf xl56j7k\">\n<div class=\"html-div xdj266r x14z9mp xat24cr x1lziwak xexx8yu xyri2b x18d9i69 x1c1uobl x9f619 x16ye13r x5lhr3w xjbqb8w x78zum5 x15mokao x1ga7v0g x16uus16 xbiv7yw x1n2onr6 x1plvlek xryxfnj x1c4vz4f x2lah0s xdt5ytf xqjyukv x6s0dn4 x1oa3qoh xl56j7k\"><\/div>\n<\/div>\n<\/div>\n<\/div>\n<\/div>\n<\/div>\n<\/div>\n<div class=\"x78zum5 xdt5ytf x1q2y9iw x1n2onr6 xh8yej3 x9f619 x1iyjqo2 x13lttk3 x1t7ytsu xpilrb4 xexx8yu xyri2b x18d9i69 x1c1uobl x1b5io7h\">\n<section class=\"x1sy0etr x1xp8e9x x13fuv20 x178xt8z x14yy4lh\">\n<div class=\"html-div x14z9mp xat24cr x1lziwak x9f619 xjbqb8w x78zum5 x15mokao x1ga7v0g x16uus16 xbiv7yw xv54qhq xf7dkkf xsag5q8 xz9dl7a x1n2onr6 x1plvlek xryxfnj x1c4vz4f x2lah0s x1q0g3np xqjyukv x6s0dn4 x1oa3qoh x1qughib xdj266r\">\n<section><\/section>\n<div class=\"html-div xdj266r x14z9mp xat24cr x1lziwak xexx8yu xyri2b x18d9i69 x1c1uobl x9f619 xjbqb8w x78zum5 x15mokao x1ga7v0g x16uus16 xbiv7yw x1uhb9sk x1plvlek xryxfnj x1c4vz4f x2lah0s xdt5ytf xqjyukv xuk3077 x1oa3qoh x1nhvcw1\"><\/div>\n<\/div>\n<\/section>\n<section class=\"x78zum5 x1q0g3np xwib8y2 x1yrsyyn x1xp8e9x x13fuv20 x178xt8z xdj266r x14z9mp xat24cr x1lziwak xo1ph6p xv54qhq xf7dkkf\">\n<div class=\"x1ypdohk\" data-visualcompletion=\"ignore-dynamic\">\n<div class=\"x1i10hfl x972fbf x10w94by x1qhh985 x14e42zd x9f619 x3ct3a4 xdj266r x14z9mp xat24cr x1lziwak x16tdsg8 x1hl2dhg xggy1nq x1a2a7pz x6s0dn4 xjbqb8w x1ejq31n x18oe1m7 x1sy0etr xstzfhl x1ypdohk x78zum5 xl56j7k x1y1aw1k xf159sx xwib8y2 xmzvs34 x1epzrsm x4gyw5p x1jplu5e x1o7uuvo x14snt5h\" tabindex=\"0\" role=\"button\">\n<div class=\"x6s0dn4 x78zum5 xdt5ytf xl56j7k\"><\/div>\n<\/div>\n<\/div>\n<div class=\"x1i10hfl x972fbf x10w94by x1qhh985 x14e42zd x9f619 x3ct3a4 xdj266r x14z9mp xat24cr x1lziwak x16tdsg8 x1hl2dhg xggy1nq x1a2a7pz x6s0dn4 xjbqb8w x1ejq31n x18oe1m7 x1sy0etr xstzfhl x1ypdohk x78zum5 xl56j7k x1y1aw1k xf159sx xwib8y2 xmzvs34 x1epzrsm x4gyw5p x1jplu5e x1o7uuvo x14snt5h\" tabindex=\"0\" role=\"button\">\n<div class=\"x6s0dn4 x78zum5 xdt5ytf xl56j7k\"><\/div>\n<\/div>\n<div class=\"_abm0 _abl_\"><\/div>\n<div>\n<div tabindex=\"0\" role=\"button\" aria-disabled=\"false\">\n<div class=\"x1i10hfl x972fbf x10w94by x1qhh985 x14e42zd x9f619 x3ct3a4 xdj266r x14z9mp xat24cr x1lziwak x16tdsg8 x1hl2dhg xggy1nq x1a2a7pz x6s0dn4 xjbqb8w x1ejq31n x18oe1m7 x1sy0etr xstzfhl x1ypdohk x78zum5 xl56j7k x1y1aw1k xf159sx xwib8y2 xmzvs34 x1epzrsm x4gyw5p x1jplu5e x1o7uuvo x14snt5h\" tabindex=\"0\" role=\"button\">\n<div class=\"x6s0dn4 x78zum5 xdt5ytf xl56j7k\"><\/div>\n<\/div>\n<\/div>\n<\/div>\n<\/section>\n<section class=\"x12nagc x182iqb8 xv54qhq xf7dkkf\">\n<div class=\"html-div xdj266r x14z9mp xat24cr x1lziwak xexx8yu xyri2b x18d9i69 x1c1uobl x9f619 xjbqb8w x78zum5 x15mokao x1ga7v0g x16uus16 xbiv7yw x1n2onr6 x1plvlek xryxfnj x1iyjqo2 x2lwn1j xeuugli x1q0g3np xqjyukv x1qjc9v5 x1oa3qoh x1nhvcw1\">\n<div class=\"html-div xdj266r xat24cr x1lziwak xexx8yu xyri2b x18d9i69 x1c1uobl x9f619 xjbqb8w x78zum5 x15mokao x1ga7v0g x16uus16 xbiv7yw x2fvf9 x1n2onr6 x1plvlek xryxfnj x1c4vz4f x2lah0s xdt5ytf xqjyukv x1cy8zhl x1oa3qoh x1nhvcw1\">\n<div class=\"html-div xdj266r x14z9mp xat24cr x1lziwak xexx8yu xyri2b x18d9i69 x1c1uobl x9f619 xjbqb8w x78zum5 x15mokao x1ga7v0g x16uus16 xbiv7yw x1uhb9sk x1plvlek xryxfnj x1c4vz4f x2lah0s x1q0g3np xqjyukv x6s0dn4 x1oa3qoh x13a6bvl\"><\/div>\n<\/div>\n<div class=\"html-div xexx8yu xyri2b x18d9i69 x1c1uobl x9f619 xjbqb8w x78zum5 x15mokao x1ga7v0g x16uus16 xbiv7yw xr1yuqi x11t971q x4ii5y1 xvc5jky x1n2onr6 x1plvlek xryxfnj x1iyjqo2 x2lwn1j xeuugli xdt5ytf x1a02dak xqjyukv x1cy8zhl x1oa3qoh x1nhvcw1\"><\/div>\n<\/div>\n<\/section>\n<div class=\"x78zum5 xdt5ytf x1iyjqo2 xs83m0k x2lwn1j x1odjw0f x1n2onr6 x9ek82g x6ikm8r xdj266r x14z9mp x4ii5y1 x1lziwak xexx8yu xv54qhq x18d9i69 xf7dkkf\">\n<div class=\"x1qjc9v5 x972fbf x10w94by x1qhh985 x14e42zd x9f619 x78zum5 xdt5ytf x2lah0s xk390pu xdj266r x14z9mp xat24cr x1lziwak xexx8yu xyri2b x18d9i69 x1c1uobl x1n2onr6 xggy1nq x11njtxf\" tabindex=\"0\" role=\"button\">\n<div class=\"_a9zm\">\n<div class=\"_a9zn _a9zo\">\n<div class=\"\">\n<div><\/div>\n<\/div>\n<div class=\"_a9zr\">\n<div class=\"html-div xdj266r xat24cr x1lziwak xexx8yu xyri2b x18d9i69 x1c1uobl x9f619 xjbqb8w x78zum5 x15mokao x1ga7v0g x16uus16 xbiv7yw x2fvf9 x1n2onr6 x1plvlek xryxfnj x1c4vz4f x2lah0s xdt5ytf xqjyukv x1qjc9v5 x1oa3qoh x1nhvcw1\">\n<div><\/div>\n<\/div>\n<div class=\"xt0psk2\">\n<h1 class=\"_ap3a _aaco _aacu _aacx _aad7 _aade\" dir=\"auto\">El laboratorio de los dioses<br \/>\nEn 1859 Charles Darwin public\u00f3 El origen de las especies y sacudi\u00f3 a los creacionistas. La evidencia f\u00f3sil demostr\u00f3 la evoluci\u00f3n y puso patas arriba la explicaci\u00f3n teleol\u00f3gica. El m\u00e9todo cient\u00edfico trabaja con lo que puede probarse; un ser que no se ha visto y que no admite experimento queda fuera de su inter\u00e9s.<br \/>\n\u00bfY si estuvi\u00e9ramos a punto de ver evidencia de un Dios \u2014o algo parecido?<br \/>\nEl tsunami de la IA cambia el escenario. Si aplicamos a robots humanoides chips cu\u00e1nticos como Willow y arquitecturas de automejora, una IA podr\u00eda volverse consciente y verse a s\u00ed misma como entidad. \u00bfUna entidad artificial y consciente creer\u00e1 en Dios? Esta es una pregunta inquietante, para cualquier mente despierta.<br \/>\nLa industria ha evolucionado de la rueda al chip; las m\u00e1quinas de hoy son mejores que las de ayer y peores que las de ma\u00f1ana: el darwinismo industrial es m\u00e1s que evidente. Para un robot consciente, su creador se parecer\u00e1 a un dios: el dise\u00f1o, el c\u00f3digo y los par\u00e1metros ser\u00e1n sus l\u00edmites. Si esas IAs llegan a fabricarse a s\u00ed mismas, habremos generado el segundo ser inteligente del planeta Tierra. Recemos a nuestro Dios para que no nos vean como competencia i acaben con nosotros; si esto sucediera, los humanos pasar\u00e1n a ser mito; las nuevas inteligencias encontrar\u00e1n registros que narrar\u00e1n una evoluci\u00f3n tecnol\u00f3gica, igual que Darwin encontr\u00f3 huellas que evidenciaban la evoluci\u00f3n biol\u00f3gica y sacudieron la idea de un Dios omnisciente. Quiz\u00e1s algunos seres en el futuro nos vean como dioses, pero no todopoderosos, lo que hace m\u00e1s org\u00e1nico el poder divino.<br \/>\nSi somos capaces de engendrar conciencia, la hip\u00f3tesis de Dios adquiere sentido cient\u00edfico. Lo que ocurre una vez puede ocurrir otra. Seres que crean seres: dioses ocultos descubiertos en su laboratorio, trasteando con la existencia.<\/h1>\n<\/div>\n<\/div>\n<\/div>\n<\/div>\n<\/div>\n<\/div>\n<\/div>\n","protected":false},"featured_media":2991,"comment_status":"closed","ping_status":"closed","template":"","meta":{"_acf_changed":false,"_joinchat":[]},"autores":[56],"product_brand":[],"product_cat":[32],"product_tag":[],"class_list":{"0":"post-2988","1":"product","2":"type-product","3":"status-publish","4":"has-post-thumbnail","6":"autores-albert-boada","7":"product_cat-amici-nobis","9":"first","10":"instock","11":"taxable","12":"shipping-taxable","13":"purchasable","14":"product-type-simple"},"acf":[],"yoast_head":"<!-- This site is optimized with the Yoast SEO plugin v27.3 - https:\/\/yoast.com\/product\/yoast-seo-wordpress\/ -->\n<title>El laboratorio de los dioses - Albert Boada<\/title>\n<meta name=\"robots\" content=\"index, follow, max-snippet:-1, max-image-preview:large, max-video-preview:-1\" \/>\n<link rel=\"canonical\" href=\"https:\/\/albertboada.com\/ca\/obras\/amici-nobis\/el-laboratorio-de-los-dioses\/\" \/>\n<meta property=\"og:locale\" content=\"ca_ES\" \/>\n<meta property=\"og:type\" content=\"article\" \/>\n<meta property=\"og:title\" content=\"El laboratorio de los dioses - Albert Boada\" \/>\n<meta property=\"og:description\" content=\"El laboratorio de los dioses En 1859 Charles Darwin public\u00f3 El origen de las especies y sacudi\u00f3 a los creacionistas. La evidencia f\u00f3sil demostr\u00f3 la evoluci\u00f3n y puso patas arriba la explicaci\u00f3n teleol\u00f3gica. El m\u00e9todo cient\u00edfico trabaja con lo que puede probarse; un ser que no se ha visto y que no admite experimento queda fuera de su inter\u00e9s. \u00bfY si estuvi\u00e9ramos a punto de ver evidencia de un Dios \u2014o algo parecido? El tsunami de la IA cambia el escenario. Si aplicamos a robots humanoides chips cu\u00e1nticos como Willow y arquitecturas de automejora, una IA podr\u00eda volverse consciente y verse a s\u00ed misma como entidad. \u00bfUna entidad artificial y consciente creer\u00e1 en Dios? Esta es una pregunta inquietante, para cualquier mente despierta. La industria ha evolucionado de la rueda al chip; las m\u00e1quinas de hoy son mejores que las de ayer y peores que las de ma\u00f1ana: el darwinismo industrial es m\u00e1s que evidente. Para un robot consciente, su creador se parecer\u00e1 a un dios: el dise\u00f1o, el c\u00f3digo y los par\u00e1metros ser\u00e1n sus l\u00edmites. Si esas IAs llegan a fabricarse a s\u00ed mismas, habremos generado el segundo ser inteligente del planeta Tierra. Recemos a nuestro Dios para que no nos vean como competencia i acaben con nosotros; si esto sucediera, los humanos pasar\u00e1n a ser mito; las nuevas inteligencias encontrar\u00e1n registros que narrar\u00e1n una evoluci\u00f3n tecnol\u00f3gica, igual que Darwin encontr\u00f3 huellas que evidenciaban la evoluci\u00f3n biol\u00f3gica y sacudieron la idea de un Dios omnisciente. Quiz\u00e1s algunos seres en el futuro nos vean como dioses, pero no todopoderosos, lo que hace m\u00e1s org\u00e1nico el poder divino. Si somos capaces de engendrar conciencia, la hip\u00f3tesis de Dios adquiere sentido cient\u00edfico. Lo que ocurre una vez puede ocurrir otra. Seres que crean seres: dioses ocultos descubiertos en su laboratorio, trasteando con la existencia.\" \/>\n<meta property=\"og:url\" content=\"https:\/\/albertboada.com\/ca\/obras\/amici-nobis\/el-laboratorio-de-los-dioses\/\" \/>\n<meta property=\"og:site_name\" content=\"Albert Boada\" \/>\n<meta property=\"og:image\" content=\"https:\/\/albertboada.com\/wp-content\/uploads\/IMG_4156-2-scaled.jpg\" \/>\n\t<meta property=\"og:image:width\" content=\"2000\" \/>\n\t<meta property=\"og:image:height\" content=\"1268\" \/>\n\t<meta property=\"og:image:type\" content=\"image\/jpeg\" \/>\n<meta name=\"twitter:card\" content=\"summary_large_image\" \/>\n<meta name=\"twitter:label1\" content=\"Temps estimat de lectura\" \/>\n\t<meta name=\"twitter:data1\" content=\"1 minut\" \/>\n<script type=\"application\/ld+json\" class=\"yoast-schema-graph\">{\"@context\":\"https:\\\/\\\/schema.org\",\"@graph\":[{\"@type\":\"WebPage\",\"@id\":\"https:\\\/\\\/albertboada.com\\\/ca\\\/obras\\\/amici-nobis\\\/el-laboratorio-de-los-dioses\\\/\",\"url\":\"https:\\\/\\\/albertboada.com\\\/ca\\\/obras\\\/amici-nobis\\\/el-laboratorio-de-los-dioses\\\/\",\"name\":\"El laboratorio de los dioses - Albert Boada\",\"isPartOf\":{\"@id\":\"https:\\\/\\\/albertboada.com\\\/ca\\\/#website\"},\"primaryImageOfPage\":{\"@id\":\"https:\\\/\\\/albertboada.com\\\/ca\\\/obras\\\/amici-nobis\\\/el-laboratorio-de-los-dioses\\\/#primaryimage\"},\"image\":{\"@id\":\"https:\\\/\\\/albertboada.com\\\/ca\\\/obras\\\/amici-nobis\\\/el-laboratorio-de-los-dioses\\\/#primaryimage\"},\"thumbnailUrl\":\"https:\\\/\\\/albertboada.com\\\/wp-content\\\/uploads\\\/IMG_4156-2-scaled.jpg\",\"datePublished\":\"2026-04-11T21:33:05+00:00\",\"breadcrumb\":{\"@id\":\"https:\\\/\\\/albertboada.com\\\/ca\\\/obras\\\/amici-nobis\\\/el-laboratorio-de-los-dioses\\\/#breadcrumb\"},\"inLanguage\":\"ca\",\"potentialAction\":[{\"@type\":\"ReadAction\",\"target\":[\"https:\\\/\\\/albertboada.com\\\/ca\\\/obras\\\/amici-nobis\\\/el-laboratorio-de-los-dioses\\\/\"]}]},{\"@type\":\"ImageObject\",\"inLanguage\":\"ca\",\"@id\":\"https:\\\/\\\/albertboada.com\\\/ca\\\/obras\\\/amici-nobis\\\/el-laboratorio-de-los-dioses\\\/#primaryimage\",\"url\":\"https:\\\/\\\/albertboada.com\\\/wp-content\\\/uploads\\\/IMG_4156-2-scaled.jpg\",\"contentUrl\":\"https:\\\/\\\/albertboada.com\\\/wp-content\\\/uploads\\\/IMG_4156-2-scaled.jpg\",\"width\":2000,\"height\":1268},{\"@type\":\"BreadcrumbList\",\"@id\":\"https:\\\/\\\/albertboada.com\\\/ca\\\/obras\\\/amici-nobis\\\/el-laboratorio-de-los-dioses\\\/#breadcrumb\",\"itemListElement\":[{\"@type\":\"ListItem\",\"position\":1,\"name\":\"Portada\",\"item\":\"https:\\\/\\\/albertboada.com\\\/ca\\\/\"},{\"@type\":\"ListItem\",\"position\":2,\"name\":\"Obres\",\"item\":\"https:\\\/\\\/albertboada.com\\\/ca\\\/obres\\\/\"},{\"@type\":\"ListItem\",\"position\":3,\"name\":\"El laboratorio de los dioses\"}]},{\"@type\":\"WebSite\",\"@id\":\"https:\\\/\\\/albertboada.com\\\/ca\\\/#website\",\"url\":\"https:\\\/\\\/albertboada.com\\\/ca\\\/\",\"name\":\"Albert Boada\",\"description\":\"\",\"publisher\":{\"@id\":\"https:\\\/\\\/albertboada.com\\\/ca\\\/#organization\"},\"potentialAction\":[{\"@type\":\"SearchAction\",\"target\":{\"@type\":\"EntryPoint\",\"urlTemplate\":\"https:\\\/\\\/albertboada.com\\\/ca\\\/?s={search_term_string}\"},\"query-input\":{\"@type\":\"PropertyValueSpecification\",\"valueRequired\":true,\"valueName\":\"search_term_string\"}}],\"inLanguage\":\"ca\"},{\"@type\":\"Organization\",\"@id\":\"https:\\\/\\\/albertboada.com\\\/ca\\\/#organization\",\"name\":\"Albert Boada\",\"url\":\"https:\\\/\\\/albertboada.com\\\/ca\\\/\",\"logo\":{\"@type\":\"ImageObject\",\"inLanguage\":\"ca\",\"@id\":\"https:\\\/\\\/albertboada.com\\\/ca\\\/#\\\/schema\\\/logo\\\/image\\\/\",\"url\":\"https:\\\/\\\/albertboada.com\\\/wp-content\\\/uploads\\\/cropped-cropped-Logo_Albert_Pla_Boada.png\",\"contentUrl\":\"https:\\\/\\\/albertboada.com\\\/wp-content\\\/uploads\\\/cropped-cropped-Logo_Albert_Pla_Boada.png\",\"width\":512,\"height\":473,\"caption\":\"Albert Boada\"},\"image\":{\"@id\":\"https:\\\/\\\/albertboada.com\\\/ca\\\/#\\\/schema\\\/logo\\\/image\\\/\"}}]}<\/script>\n<!-- \/ Yoast SEO plugin. -->","yoast_head_json":{"title":"El laboratorio de los dioses - Albert Boada","robots":{"index":"index","follow":"follow","max-snippet":"max-snippet:-1","max-image-preview":"max-image-preview:large","max-video-preview":"max-video-preview:-1"},"canonical":"https:\/\/albertboada.com\/ca\/obras\/amici-nobis\/el-laboratorio-de-los-dioses\/","og_locale":"ca_ES","og_type":"article","og_title":"El laboratorio de los dioses - Albert Boada","og_description":"El laboratorio de los dioses En 1859 Charles Darwin public\u00f3 El origen de las especies y sacudi\u00f3 a los creacionistas. La evidencia f\u00f3sil demostr\u00f3 la evoluci\u00f3n y puso patas arriba la explicaci\u00f3n teleol\u00f3gica. El m\u00e9todo cient\u00edfico trabaja con lo que puede probarse; un ser que no se ha visto y que no admite experimento queda fuera de su inter\u00e9s. \u00bfY si estuvi\u00e9ramos a punto de ver evidencia de un Dios \u2014o algo parecido? El tsunami de la IA cambia el escenario. Si aplicamos a robots humanoides chips cu\u00e1nticos como Willow y arquitecturas de automejora, una IA podr\u00eda volverse consciente y verse a s\u00ed misma como entidad. \u00bfUna entidad artificial y consciente creer\u00e1 en Dios? Esta es una pregunta inquietante, para cualquier mente despierta. La industria ha evolucionado de la rueda al chip; las m\u00e1quinas de hoy son mejores que las de ayer y peores que las de ma\u00f1ana: el darwinismo industrial es m\u00e1s que evidente. Para un robot consciente, su creador se parecer\u00e1 a un dios: el dise\u00f1o, el c\u00f3digo y los par\u00e1metros ser\u00e1n sus l\u00edmites. Si esas IAs llegan a fabricarse a s\u00ed mismas, habremos generado el segundo ser inteligente del planeta Tierra. Recemos a nuestro Dios para que no nos vean como competencia i acaben con nosotros; si esto sucediera, los humanos pasar\u00e1n a ser mito; las nuevas inteligencias encontrar\u00e1n registros que narrar\u00e1n una evoluci\u00f3n tecnol\u00f3gica, igual que Darwin encontr\u00f3 huellas que evidenciaban la evoluci\u00f3n biol\u00f3gica y sacudieron la idea de un Dios omnisciente. Quiz\u00e1s algunos seres en el futuro nos vean como dioses, pero no todopoderosos, lo que hace m\u00e1s org\u00e1nico el poder divino. Si somos capaces de engendrar conciencia, la hip\u00f3tesis de Dios adquiere sentido cient\u00edfico. Lo que ocurre una vez puede ocurrir otra. Seres que crean seres: dioses ocultos descubiertos en su laboratorio, trasteando con la existencia.","og_url":"https:\/\/albertboada.com\/ca\/obras\/amici-nobis\/el-laboratorio-de-los-dioses\/","og_site_name":"Albert Boada","og_image":[{"width":2000,"height":1268,"url":"https:\/\/albertboada.com\/wp-content\/uploads\/IMG_4156-2-scaled.jpg","type":"image\/jpeg"}],"twitter_card":"summary_large_image","twitter_misc":{"Temps estimat de lectura":"1 minut"},"schema":{"@context":"https:\/\/schema.org","@graph":[{"@type":"WebPage","@id":"https:\/\/albertboada.com\/ca\/obras\/amici-nobis\/el-laboratorio-de-los-dioses\/","url":"https:\/\/albertboada.com\/ca\/obras\/amici-nobis\/el-laboratorio-de-los-dioses\/","name":"El laboratorio de los dioses - Albert Boada","isPartOf":{"@id":"https:\/\/albertboada.com\/ca\/#website"},"primaryImageOfPage":{"@id":"https:\/\/albertboada.com\/ca\/obras\/amici-nobis\/el-laboratorio-de-los-dioses\/#primaryimage"},"image":{"@id":"https:\/\/albertboada.com\/ca\/obras\/amici-nobis\/el-laboratorio-de-los-dioses\/#primaryimage"},"thumbnailUrl":"https:\/\/albertboada.com\/wp-content\/uploads\/IMG_4156-2-scaled.jpg","datePublished":"2026-04-11T21:33:05+00:00","breadcrumb":{"@id":"https:\/\/albertboada.com\/ca\/obras\/amici-nobis\/el-laboratorio-de-los-dioses\/#breadcrumb"},"inLanguage":"ca","potentialAction":[{"@type":"ReadAction","target":["https:\/\/albertboada.com\/ca\/obras\/amici-nobis\/el-laboratorio-de-los-dioses\/"]}]},{"@type":"ImageObject","inLanguage":"ca","@id":"https:\/\/albertboada.com\/ca\/obras\/amici-nobis\/el-laboratorio-de-los-dioses\/#primaryimage","url":"https:\/\/albertboada.com\/wp-content\/uploads\/IMG_4156-2-scaled.jpg","contentUrl":"https:\/\/albertboada.com\/wp-content\/uploads\/IMG_4156-2-scaled.jpg","width":2000,"height":1268},{"@type":"BreadcrumbList","@id":"https:\/\/albertboada.com\/ca\/obras\/amici-nobis\/el-laboratorio-de-los-dioses\/#breadcrumb","itemListElement":[{"@type":"ListItem","position":1,"name":"Portada","item":"https:\/\/albertboada.com\/ca\/"},{"@type":"ListItem","position":2,"name":"Obres","item":"https:\/\/albertboada.com\/ca\/obres\/"},{"@type":"ListItem","position":3,"name":"El laboratorio de los dioses"}]},{"@type":"WebSite","@id":"https:\/\/albertboada.com\/ca\/#website","url":"https:\/\/albertboada.com\/ca\/","name":"Albert Boada","description":"","publisher":{"@id":"https:\/\/albertboada.com\/ca\/#organization"},"potentialAction":[{"@type":"SearchAction","target":{"@type":"EntryPoint","urlTemplate":"https:\/\/albertboada.com\/ca\/?s={search_term_string}"},"query-input":{"@type":"PropertyValueSpecification","valueRequired":true,"valueName":"search_term_string"}}],"inLanguage":"ca"},{"@type":"Organization","@id":"https:\/\/albertboada.com\/ca\/#organization","name":"Albert Boada","url":"https:\/\/albertboada.com\/ca\/","logo":{"@type":"ImageObject","inLanguage":"ca","@id":"https:\/\/albertboada.com\/ca\/#\/schema\/logo\/image\/","url":"https:\/\/albertboada.com\/wp-content\/uploads\/cropped-cropped-Logo_Albert_Pla_Boada.png","contentUrl":"https:\/\/albertboada.com\/wp-content\/uploads\/cropped-cropped-Logo_Albert_Pla_Boada.png","width":512,"height":473,"caption":"Albert Boada"},"image":{"@id":"https:\/\/albertboada.com\/ca\/#\/schema\/logo\/image\/"}}]}},"_links":{"self":[{"href":"https:\/\/albertboada.com\/ca\/wp-json\/wp\/v2\/product\/2988","targetHints":{"allow":["GET"]}}],"collection":[{"href":"https:\/\/albertboada.com\/ca\/wp-json\/wp\/v2\/product"}],"about":[{"href":"https:\/\/albertboada.com\/ca\/wp-json\/wp\/v2\/types\/product"}],"replies":[{"embeddable":true,"href":"https:\/\/albertboada.com\/ca\/wp-json\/wp\/v2\/comments?post=2988"}],"version-history":[{"count":1,"href":"https:\/\/albertboada.com\/ca\/wp-json\/wp\/v2\/product\/2988\/revisions"}],"predecessor-version":[{"id":2992,"href":"https:\/\/albertboada.com\/ca\/wp-json\/wp\/v2\/product\/2988\/revisions\/2992"}],"wp:featuredmedia":[{"embeddable":true,"href":"https:\/\/albertboada.com\/ca\/wp-json\/wp\/v2\/media\/2991"}],"wp:attachment":[{"href":"https:\/\/albertboada.com\/ca\/wp-json\/wp\/v2\/media?parent=2988"}],"wp:term":[{"taxonomy":"autores","embeddable":true,"href":"https:\/\/albertboada.com\/ca\/wp-json\/wp\/v2\/autores?post=2988"},{"taxonomy":"product_brand","embeddable":true,"href":"https:\/\/albertboada.com\/ca\/wp-json\/wp\/v2\/product_brand?post=2988"},{"taxonomy":"product_cat","embeddable":true,"href":"https:\/\/albertboada.com\/ca\/wp-json\/wp\/v2\/product_cat?post=2988"},{"taxonomy":"product_tag","embeddable":true,"href":"https:\/\/albertboada.com\/ca\/wp-json\/wp\/v2\/product_tag?post=2988"}],"curies":[{"name":"wp","href":"https:\/\/api.w.org\/{rel}","templated":true}]}}