{"id":930,"date":"2025-01-31T10:07:12","date_gmt":"2025-01-31T09:07:12","guid":{"rendered":"https:\/\/albertboada.com\/?post_type=product&#038;p=930"},"modified":"2025-07-31T16:42:43","modified_gmt":"2025-07-31T14:42:43","slug":"betania-oleo-sobre-madera","status":"publish","type":"product","link":"https:\/\/albertboada.com\/ca\/obras\/reliquiae\/betania-oleo-sobre-madera\/","title":{"rendered":"BETANIA"},"content":{"rendered":"","protected":false},"excerpt":{"rendered":"<p>\u00d3leo sobre madera 50&#215;50<br \/>\nESTA ES LA HISTORIA.<br \/>\nBetania naci\u00f3 el 15 de octubre de 1900 en un peque\u00f1o pueblo de Sicilia, Italia. Su madre muri\u00f3 siendo ella a\u00fan muy peque\u00f1a en el parto de su tercer hijo. Con un hermano acabado de nacer, dos hermanos mayores y su padre amargado, tirano y borracho, Betania tuvo que lidiar con repetidos abusos sexuales, aparte de ocuparse de la casa, la intendencia y su hermano peque\u00f1o. Betania, una de las mujeres m\u00e1s hermosas que jam\u00e1s cre\u00f3 la naturaleza, era desgraciada, quer\u00eda huir, y repetidas veces miraba el acantilado como \u00fanica salida. . Aquel d\u00eda su padre regres\u00f3 antes de tiempo, en sus ojos ba\u00f1ados de alcohol se pod\u00edan leer sus intenciones. No culmin\u00f3, se qued\u00f3 dormido encima bajo los efectos et\u00edlicos. Betania se liber\u00f3 como pudo de los 90 kilos de cerdo, y sin pensar le cort\u00f3 el pene. Aquella noche para cenar se sirvi\u00f3 sopa de pene, ajos y alg\u00fan que otro trozo de carne macerada en alcohol. Buen provecho.<\/p>\n","protected":false},"featured_media":932,"comment_status":"closed","ping_status":"closed","template":"","meta":{"_acf_changed":false,"_joinchat":[]},"autores":[56],"product_brand":[],"product_cat":[72],"product_tag":[],"class_list":{"0":"post-930","1":"product","2":"type-product","3":"status-publish","4":"has-post-thumbnail","6":"autores-albert-boada","7":"product_cat-reliquiae","9":"first","10":"instock","11":"taxable","12":"shipping-taxable","13":"purchasable","14":"product-type-simple"},"acf":[],"yoast_head":"<!-- This site is optimized with the Yoast SEO plugin v27.5 - https:\/\/yoast.com\/product\/yoast-seo-wordpress\/ -->\n<title>BETANIA - Albert Boada<\/title>\n<meta name=\"robots\" content=\"index, follow, max-snippet:-1, max-image-preview:large, max-video-preview:-1\" \/>\n<link rel=\"canonical\" href=\"https:\/\/albertboada.com\/ca\/obras\/reliquiae\/betania-oleo-sobre-madera\/\" \/>\n<meta property=\"og:locale\" content=\"ca_ES\" \/>\n<meta property=\"og:type\" content=\"article\" \/>\n<meta property=\"og:title\" content=\"BETANIA - Albert Boada\" \/>\n<meta property=\"og:description\" content=\"\u00d3leo sobre madera 50x50 ESTA ES LA HISTORIA. Betania naci\u00f3 el 15 de octubre de 1900 en un peque\u00f1o pueblo de Sicilia, Italia. Su madre muri\u00f3 siendo ella a\u00fan muy peque\u00f1a en el parto de su tercer hijo. Con un hermano acabado de nacer, dos hermanos mayores y su padre amargado, tirano y borracho, Betania tuvo que lidiar con repetidos abusos sexuales, aparte de ocuparse de la casa, la intendencia y su hermano peque\u00f1o. Betania, una de las mujeres m\u00e1s hermosas que jam\u00e1s cre\u00f3 la naturaleza, era desgraciada, quer\u00eda huir, y repetidas veces miraba el acantilado como \u00fanica salida. . Aquel d\u00eda su padre regres\u00f3 antes de tiempo, en sus ojos ba\u00f1ados de alcohol se pod\u00edan leer sus intenciones. No culmin\u00f3, se qued\u00f3 dormido encima bajo los efectos et\u00edlicos. Betania se liber\u00f3 como pudo de los 90 kilos de cerdo, y sin pensar le cort\u00f3 el pene. Aquella noche para cenar se sirvi\u00f3 sopa de pene, ajos y alg\u00fan que otro trozo de carne macerada en alcohol. Buen provecho.\" \/>\n<meta property=\"og:url\" content=\"https:\/\/albertboada.com\/ca\/obras\/reliquiae\/betania-oleo-sobre-madera\/\" \/>\n<meta property=\"og:site_name\" content=\"Albert Boada\" \/>\n<meta property=\"article:modified_time\" content=\"2025-07-31T14:42:43+00:00\" \/>\n<meta property=\"og:image\" content=\"https:\/\/albertboada.com\/wp-content\/uploads\/dscf8440.png\" \/>\n\t<meta property=\"og:image:width\" content=\"869\" \/>\n\t<meta property=\"og:image:height\" content=\"1023\" \/>\n\t<meta property=\"og:image:type\" content=\"image\/png\" \/>\n<meta name=\"twitter:card\" content=\"summary_large_image\" \/>\n<meta name=\"twitter:label1\" content=\"Temps estimat de lectura\" \/>\n\t<meta name=\"twitter:data1\" content=\"1 minut\" \/>\n<script type=\"application\/ld+json\" class=\"yoast-schema-graph\">{\"@context\":\"https:\\\/\\\/schema.org\",\"@graph\":[{\"@type\":\"WebPage\",\"@id\":\"https:\\\/\\\/albertboada.com\\\/ca\\\/obras\\\/reliquiae\\\/betania-oleo-sobre-madera\\\/\",\"url\":\"https:\\\/\\\/albertboada.com\\\/ca\\\/obras\\\/reliquiae\\\/betania-oleo-sobre-madera\\\/\",\"name\":\"BETANIA - Albert Boada\",\"isPartOf\":{\"@id\":\"https:\\\/\\\/albertboada.com\\\/ca\\\/#website\"},\"primaryImageOfPage\":{\"@id\":\"https:\\\/\\\/albertboada.com\\\/ca\\\/obras\\\/reliquiae\\\/betania-oleo-sobre-madera\\\/#primaryimage\"},\"image\":{\"@id\":\"https:\\\/\\\/albertboada.com\\\/ca\\\/obras\\\/reliquiae\\\/betania-oleo-sobre-madera\\\/#primaryimage\"},\"thumbnailUrl\":\"https:\\\/\\\/albertboada.com\\\/wp-content\\\/uploads\\\/dscf8440.png\",\"datePublished\":\"2025-01-31T09:07:12+00:00\",\"dateModified\":\"2025-07-31T14:42:43+00:00\",\"breadcrumb\":{\"@id\":\"https:\\\/\\\/albertboada.com\\\/ca\\\/obras\\\/reliquiae\\\/betania-oleo-sobre-madera\\\/#breadcrumb\"},\"inLanguage\":\"ca\",\"potentialAction\":[{\"@type\":\"ReadAction\",\"target\":[\"https:\\\/\\\/albertboada.com\\\/ca\\\/obras\\\/reliquiae\\\/betania-oleo-sobre-madera\\\/\"]}]},{\"@type\":\"ImageObject\",\"inLanguage\":\"ca\",\"@id\":\"https:\\\/\\\/albertboada.com\\\/ca\\\/obras\\\/reliquiae\\\/betania-oleo-sobre-madera\\\/#primaryimage\",\"url\":\"https:\\\/\\\/albertboada.com\\\/wp-content\\\/uploads\\\/dscf8440.png\",\"contentUrl\":\"https:\\\/\\\/albertboada.com\\\/wp-content\\\/uploads\\\/dscf8440.png\",\"width\":869,\"height\":1023},{\"@type\":\"BreadcrumbList\",\"@id\":\"https:\\\/\\\/albertboada.com\\\/ca\\\/obras\\\/reliquiae\\\/betania-oleo-sobre-madera\\\/#breadcrumb\",\"itemListElement\":[{\"@type\":\"ListItem\",\"position\":1,\"name\":\"Portada\",\"item\":\"https:\\\/\\\/albertboada.com\\\/ca\\\/\"},{\"@type\":\"ListItem\",\"position\":2,\"name\":\"Obres\",\"item\":\"https:\\\/\\\/albertboada.com\\\/ca\\\/obres\\\/\"},{\"@type\":\"ListItem\",\"position\":3,\"name\":\"BETANIA\"}]},{\"@type\":\"WebSite\",\"@id\":\"https:\\\/\\\/albertboada.com\\\/ca\\\/#website\",\"url\":\"https:\\\/\\\/albertboada.com\\\/ca\\\/\",\"name\":\"Albert Boada\",\"description\":\"\",\"publisher\":{\"@id\":\"https:\\\/\\\/albertboada.com\\\/ca\\\/#organization\"},\"potentialAction\":[{\"@type\":\"SearchAction\",\"target\":{\"@type\":\"EntryPoint\",\"urlTemplate\":\"https:\\\/\\\/albertboada.com\\\/ca\\\/?s={search_term_string}\"},\"query-input\":{\"@type\":\"PropertyValueSpecification\",\"valueRequired\":true,\"valueName\":\"search_term_string\"}}],\"inLanguage\":\"ca\"},{\"@type\":\"Organization\",\"@id\":\"https:\\\/\\\/albertboada.com\\\/ca\\\/#organization\",\"name\":\"Albert Boada\",\"url\":\"https:\\\/\\\/albertboada.com\\\/ca\\\/\",\"logo\":{\"@type\":\"ImageObject\",\"inLanguage\":\"ca\",\"@id\":\"https:\\\/\\\/albertboada.com\\\/ca\\\/#\\\/schema\\\/logo\\\/image\\\/\",\"url\":\"https:\\\/\\\/albertboada.com\\\/wp-content\\\/uploads\\\/cropped-cropped-Logo_Albert_Pla_Boada.png\",\"contentUrl\":\"https:\\\/\\\/albertboada.com\\\/wp-content\\\/uploads\\\/cropped-cropped-Logo_Albert_Pla_Boada.png\",\"width\":512,\"height\":473,\"caption\":\"Albert Boada\"},\"image\":{\"@id\":\"https:\\\/\\\/albertboada.com\\\/ca\\\/#\\\/schema\\\/logo\\\/image\\\/\"}}]}<\/script>\n<!-- \/ Yoast SEO plugin. -->","yoast_head_json":{"title":"BETANIA - Albert Boada","robots":{"index":"index","follow":"follow","max-snippet":"max-snippet:-1","max-image-preview":"max-image-preview:large","max-video-preview":"max-video-preview:-1"},"canonical":"https:\/\/albertboada.com\/ca\/obras\/reliquiae\/betania-oleo-sobre-madera\/","og_locale":"ca_ES","og_type":"article","og_title":"BETANIA - Albert Boada","og_description":"\u00d3leo sobre madera 50x50 ESTA ES LA HISTORIA. Betania naci\u00f3 el 15 de octubre de 1900 en un peque\u00f1o pueblo de Sicilia, Italia. Su madre muri\u00f3 siendo ella a\u00fan muy peque\u00f1a en el parto de su tercer hijo. Con un hermano acabado de nacer, dos hermanos mayores y su padre amargado, tirano y borracho, Betania tuvo que lidiar con repetidos abusos sexuales, aparte de ocuparse de la casa, la intendencia y su hermano peque\u00f1o. Betania, una de las mujeres m\u00e1s hermosas que jam\u00e1s cre\u00f3 la naturaleza, era desgraciada, quer\u00eda huir, y repetidas veces miraba el acantilado como \u00fanica salida. . Aquel d\u00eda su padre regres\u00f3 antes de tiempo, en sus ojos ba\u00f1ados de alcohol se pod\u00edan leer sus intenciones. No culmin\u00f3, se qued\u00f3 dormido encima bajo los efectos et\u00edlicos. Betania se liber\u00f3 como pudo de los 90 kilos de cerdo, y sin pensar le cort\u00f3 el pene. Aquella noche para cenar se sirvi\u00f3 sopa de pene, ajos y alg\u00fan que otro trozo de carne macerada en alcohol. Buen provecho.","og_url":"https:\/\/albertboada.com\/ca\/obras\/reliquiae\/betania-oleo-sobre-madera\/","og_site_name":"Albert Boada","article_modified_time":"2025-07-31T14:42:43+00:00","og_image":[{"width":869,"height":1023,"url":"https:\/\/albertboada.com\/wp-content\/uploads\/dscf8440.png","type":"image\/png"}],"twitter_card":"summary_large_image","twitter_misc":{"Temps estimat de lectura":"1 minut"},"schema":{"@context":"https:\/\/schema.org","@graph":[{"@type":"WebPage","@id":"https:\/\/albertboada.com\/ca\/obras\/reliquiae\/betania-oleo-sobre-madera\/","url":"https:\/\/albertboada.com\/ca\/obras\/reliquiae\/betania-oleo-sobre-madera\/","name":"BETANIA - Albert Boada","isPartOf":{"@id":"https:\/\/albertboada.com\/ca\/#website"},"primaryImageOfPage":{"@id":"https:\/\/albertboada.com\/ca\/obras\/reliquiae\/betania-oleo-sobre-madera\/#primaryimage"},"image":{"@id":"https:\/\/albertboada.com\/ca\/obras\/reliquiae\/betania-oleo-sobre-madera\/#primaryimage"},"thumbnailUrl":"https:\/\/albertboada.com\/wp-content\/uploads\/dscf8440.png","datePublished":"2025-01-31T09:07:12+00:00","dateModified":"2025-07-31T14:42:43+00:00","breadcrumb":{"@id":"https:\/\/albertboada.com\/ca\/obras\/reliquiae\/betania-oleo-sobre-madera\/#breadcrumb"},"inLanguage":"ca","potentialAction":[{"@type":"ReadAction","target":["https:\/\/albertboada.com\/ca\/obras\/reliquiae\/betania-oleo-sobre-madera\/"]}]},{"@type":"ImageObject","inLanguage":"ca","@id":"https:\/\/albertboada.com\/ca\/obras\/reliquiae\/betania-oleo-sobre-madera\/#primaryimage","url":"https:\/\/albertboada.com\/wp-content\/uploads\/dscf8440.png","contentUrl":"https:\/\/albertboada.com\/wp-content\/uploads\/dscf8440.png","width":869,"height":1023},{"@type":"BreadcrumbList","@id":"https:\/\/albertboada.com\/ca\/obras\/reliquiae\/betania-oleo-sobre-madera\/#breadcrumb","itemListElement":[{"@type":"ListItem","position":1,"name":"Portada","item":"https:\/\/albertboada.com\/ca\/"},{"@type":"ListItem","position":2,"name":"Obres","item":"https:\/\/albertboada.com\/ca\/obres\/"},{"@type":"ListItem","position":3,"name":"BETANIA"}]},{"@type":"WebSite","@id":"https:\/\/albertboada.com\/ca\/#website","url":"https:\/\/albertboada.com\/ca\/","name":"Albert Boada","description":"","publisher":{"@id":"https:\/\/albertboada.com\/ca\/#organization"},"potentialAction":[{"@type":"SearchAction","target":{"@type":"EntryPoint","urlTemplate":"https:\/\/albertboada.com\/ca\/?s={search_term_string}"},"query-input":{"@type":"PropertyValueSpecification","valueRequired":true,"valueName":"search_term_string"}}],"inLanguage":"ca"},{"@type":"Organization","@id":"https:\/\/albertboada.com\/ca\/#organization","name":"Albert Boada","url":"https:\/\/albertboada.com\/ca\/","logo":{"@type":"ImageObject","inLanguage":"ca","@id":"https:\/\/albertboada.com\/ca\/#\/schema\/logo\/image\/","url":"https:\/\/albertboada.com\/wp-content\/uploads\/cropped-cropped-Logo_Albert_Pla_Boada.png","contentUrl":"https:\/\/albertboada.com\/wp-content\/uploads\/cropped-cropped-Logo_Albert_Pla_Boada.png","width":512,"height":473,"caption":"Albert Boada"},"image":{"@id":"https:\/\/albertboada.com\/ca\/#\/schema\/logo\/image\/"}}]}},"_links":{"self":[{"href":"https:\/\/albertboada.com\/ca\/wp-json\/wp\/v2\/product\/930","targetHints":{"allow":["GET"]}}],"collection":[{"href":"https:\/\/albertboada.com\/ca\/wp-json\/wp\/v2\/product"}],"about":[{"href":"https:\/\/albertboada.com\/ca\/wp-json\/wp\/v2\/types\/product"}],"replies":[{"embeddable":true,"href":"https:\/\/albertboada.com\/ca\/wp-json\/wp\/v2\/comments?post=930"}],"version-history":[{"count":2,"href":"https:\/\/albertboada.com\/ca\/wp-json\/wp\/v2\/product\/930\/revisions"}],"predecessor-version":[{"id":2819,"href":"https:\/\/albertboada.com\/ca\/wp-json\/wp\/v2\/product\/930\/revisions\/2819"}],"wp:featuredmedia":[{"embeddable":true,"href":"https:\/\/albertboada.com\/ca\/wp-json\/wp\/v2\/media\/932"}],"wp:attachment":[{"href":"https:\/\/albertboada.com\/ca\/wp-json\/wp\/v2\/media?parent=930"}],"wp:term":[{"taxonomy":"autores","embeddable":true,"href":"https:\/\/albertboada.com\/ca\/wp-json\/wp\/v2\/autores?post=930"},{"taxonomy":"product_brand","embeddable":true,"href":"https:\/\/albertboada.com\/ca\/wp-json\/wp\/v2\/product_brand?post=930"},{"taxonomy":"product_cat","embeddable":true,"href":"https:\/\/albertboada.com\/ca\/wp-json\/wp\/v2\/product_cat?post=930"},{"taxonomy":"product_tag","embeddable":true,"href":"https:\/\/albertboada.com\/ca\/wp-json\/wp\/v2\/product_tag?post=930"}],"curies":[{"name":"wp","href":"https:\/\/api.w.org\/{rel}","templated":true}]}}